{"id":14694,"date":"2026-04-16T14:26:45","date_gmt":"2026-04-16T17:26:45","guid":{"rendered":"https:\/\/delfos.shop\/?post_type=product&#038;p=14694"},"modified":"2026-04-18T17:15:22","modified_gmt":"2026-04-18T20:15:22","slug":"gaucha-delfos","status":"publish","type":"product","link":"https:\/\/delfos.shop\/es\/product\/gaucha-delfos\/","title":{"rendered":"Gaucha Delfos"},"content":{"rendered":"<p>Jeans con corte de bombacha de campo , tiro medio, pinzas en la cintura, pu\u00f1o con boton en botamanga.<\/p>\n<p>Unisex. Denim indigo con Delfos bordado en el lateral.<\/p>\n<p>Denim 100% Algod\u00f3n<\/p>\n","protected":false},"excerpt":{"rendered":"<p>Jeans con corte de bombacha de campo , tiro medio, pinzas en la cintura, pu\u00f1o con boton en botamanga. Unisex. Denim indigo con Delfos bordado en el lateral. Denim 100% [&hellip;]<\/p>\n","protected":false},"featured_media":14971,"template":"","meta":{"_acf_changed":false},"product_brand":[],"product_cat":[117],"product_tag":[],"class_list":{"0":"post-14694","1":"product","2":"type-product","3":"status-publish","4":"has-post-thumbnail","6":"product_cat-origen-aw26","8":"first","9":"instock","10":"shipping-taxable","11":"purchasable","12":"product-type-variable"},"acf":[],"yoast_head":"<!-- This site is optimized with the Yoast SEO plugin v27.4 - https:\/\/yoast.com\/product\/yoast-seo-wordpress\/ -->\n<title>Gaucha Delfos - Delfos<\/title>\n<meta name=\"description\" content=\"Jean tipo Bombacha de Campo en denim 100% algod\u00f3n. Calce c\u00f3modo con pinzas, pu\u00f1o en botamanga y detalle bordado exclusivo. Delfos Origen AW26\" \/>\n<meta name=\"robots\" content=\"index, follow, max-snippet:-1, max-image-preview:large, max-video-preview:-1\" \/>\n<link rel=\"canonical\" href=\"https:\/\/delfos.shop\/es\/product\/gaucha-delfos\/\" \/>\n<meta property=\"og:locale\" content=\"es_ES\" \/>\n<meta property=\"og:type\" content=\"article\" \/>\n<meta property=\"og:title\" content=\"Gaucha Delfos - Delfos\" \/>\n<meta property=\"og:description\" content=\"Jean tipo Bombacha de Campo en denim 100% algod\u00f3n. Calce c\u00f3modo con pinzas, pu\u00f1o en botamanga y detalle bordado exclusivo. Delfos Origen AW26\" \/>\n<meta property=\"og:url\" content=\"https:\/\/delfos.shop\/es\/product\/gaucha-delfos\/\" \/>\n<meta property=\"og:site_name\" content=\"Delfos\" \/>\n<meta property=\"article:publisher\" content=\"https:\/\/www.instagram.com\/__delfos__\/\" \/>\n<meta property=\"article:modified_time\" content=\"2026-04-18T20:15:22+00:00\" \/>\n<meta property=\"og:image\" content=\"https:\/\/delfos.shop\/wp-content\/uploads\/2026\/04\/Delfozzs-26_83-copia.jpg\" \/>\n\t<meta property=\"og:image:width\" content=\"1200\" \/>\n\t<meta property=\"og:image:height\" content=\"1800\" \/>\n\t<meta property=\"og:image:type\" content=\"image\/jpeg\" \/>\n<meta name=\"twitter:card\" content=\"summary_large_image\" \/>\n<meta name=\"twitter:label1\" content=\"Tiempo de lectura\" \/>\n\t<meta name=\"twitter:data1\" content=\"1 minuto\" \/>\n<script type=\"application\/ld+json\" class=\"yoast-schema-graph\">{\"@context\":\"https:\\\/\\\/schema.org\",\"@graph\":[{\"@type\":\"WebPage\",\"@id\":\"https:\\\/\\\/delfos.shop\\\/product\\\/gaucha-delfos\\\/\",\"url\":\"https:\\\/\\\/delfos.shop\\\/product\\\/gaucha-delfos\\\/\",\"name\":\"Gaucha Delfos - Delfos\",\"isPartOf\":{\"@id\":\"https:\\\/\\\/delfos.shop\\\/#website\"},\"primaryImageOfPage\":{\"@id\":\"https:\\\/\\\/delfos.shop\\\/product\\\/gaucha-delfos\\\/#primaryimage\"},\"image\":{\"@id\":\"https:\\\/\\\/delfos.shop\\\/product\\\/gaucha-delfos\\\/#primaryimage\"},\"thumbnailUrl\":\"https:\\\/\\\/delfos.shop\\\/wp-content\\\/uploads\\\/2026\\\/04\\\/Delfozzs-26_83-copia.jpg\",\"datePublished\":\"2026-04-16T17:26:45+00:00\",\"dateModified\":\"2026-04-18T20:15:22+00:00\",\"description\":\"Jean tipo Bombacha de Campo en denim 100% algod\u00f3n. Calce c\u00f3modo con pinzas, pu\u00f1o en botamanga y detalle bordado exclusivo. Delfos Origen AW26\",\"breadcrumb\":{\"@id\":\"https:\\\/\\\/delfos.shop\\\/product\\\/gaucha-delfos\\\/#breadcrumb\"},\"inLanguage\":\"es-AR\",\"potentialAction\":[{\"@type\":\"ReadAction\",\"target\":[\"https:\\\/\\\/delfos.shop\\\/product\\\/gaucha-delfos\\\/\"]}]},{\"@type\":\"ImageObject\",\"inLanguage\":\"es-AR\",\"@id\":\"https:\\\/\\\/delfos.shop\\\/product\\\/gaucha-delfos\\\/#primaryimage\",\"url\":\"https:\\\/\\\/delfos.shop\\\/wp-content\\\/uploads\\\/2026\\\/04\\\/Delfozzs-26_83-copia.jpg\",\"contentUrl\":\"https:\\\/\\\/delfos.shop\\\/wp-content\\\/uploads\\\/2026\\\/04\\\/Delfozzs-26_83-copia.jpg\",\"width\":1200,\"height\":1800},{\"@type\":\"BreadcrumbList\",\"@id\":\"https:\\\/\\\/delfos.shop\\\/product\\\/gaucha-delfos\\\/#breadcrumb\",\"itemListElement\":[{\"@type\":\"ListItem\",\"position\":1,\"name\":\"Home\",\"item\":\"https:\\\/\\\/delfos.shop\\\/\"},{\"@type\":\"ListItem\",\"position\":2,\"name\":\"Shop\",\"item\":\"https:\\\/\\\/delfos.shop\\\/shop\\\/\"},{\"@type\":\"ListItem\",\"position\":3,\"name\":\"Gaucha Delfos\"}]},{\"@type\":\"WebSite\",\"@id\":\"https:\\\/\\\/delfos.shop\\\/#website\",\"url\":\"https:\\\/\\\/delfos.shop\\\/\",\"name\":\"Delfos\",\"description\":\"\",\"publisher\":{\"@id\":\"https:\\\/\\\/delfos.shop\\\/#organization\"},\"potentialAction\":[{\"@type\":\"SearchAction\",\"target\":{\"@type\":\"EntryPoint\",\"urlTemplate\":\"https:\\\/\\\/delfos.shop\\\/?s={search_term_string}\"},\"query-input\":{\"@type\":\"PropertyValueSpecification\",\"valueRequired\":true,\"valueName\":\"search_term_string\"}}],\"inLanguage\":\"es-AR\"},{\"@type\":\"Organization\",\"@id\":\"https:\\\/\\\/delfos.shop\\\/#organization\",\"name\":\"Delfos\",\"url\":\"https:\\\/\\\/delfos.shop\\\/\",\"logo\":{\"@type\":\"ImageObject\",\"inLanguage\":\"es-AR\",\"@id\":\"https:\\\/\\\/delfos.shop\\\/#\\\/schema\\\/logo\\\/image\\\/\",\"url\":\"https:\\\/\\\/delfos.shop\\\/wp-content\\\/uploads\\\/2022\\\/12\\\/Untitled-1.gif\",\"contentUrl\":\"https:\\\/\\\/delfos.shop\\\/wp-content\\\/uploads\\\/2022\\\/12\\\/Untitled-1.gif\",\"width\":1080,\"height\":1080,\"caption\":\"Delfos\"},\"image\":{\"@id\":\"https:\\\/\\\/delfos.shop\\\/#\\\/schema\\\/logo\\\/image\\\/\"},\"sameAs\":[\"https:\\\/\\\/www.instagram.com\\\/__delfos__\\\/\"]}]}<\/script>\n<!-- \/ Yoast SEO plugin. -->","yoast_head_json":{"title":"Gaucha Delfos - Delfos","description":"Jean tipo Bombacha de Campo en denim 100% algod\u00f3n. Calce c\u00f3modo con pinzas, pu\u00f1o en botamanga y detalle bordado exclusivo. Delfos Origen AW26","robots":{"index":"index","follow":"follow","max-snippet":"max-snippet:-1","max-image-preview":"max-image-preview:large","max-video-preview":"max-video-preview:-1"},"canonical":"https:\/\/delfos.shop\/es\/product\/gaucha-delfos\/","og_locale":"es_ES","og_type":"article","og_title":"Gaucha Delfos - Delfos","og_description":"Jean tipo Bombacha de Campo en denim 100% algod\u00f3n. Calce c\u00f3modo con pinzas, pu\u00f1o en botamanga y detalle bordado exclusivo. Delfos Origen AW26","og_url":"https:\/\/delfos.shop\/es\/product\/gaucha-delfos\/","og_site_name":"Delfos","article_publisher":"https:\/\/www.instagram.com\/__delfos__\/","article_modified_time":"2026-04-18T20:15:22+00:00","og_image":[{"width":1200,"height":1800,"url":"https:\/\/delfos.shop\/wp-content\/uploads\/2026\/04\/Delfozzs-26_83-copia.jpg","type":"image\/jpeg"}],"twitter_card":"summary_large_image","twitter_misc":{"Tiempo de lectura":"1 minuto"},"schema":{"@context":"https:\/\/schema.org","@graph":[{"@type":"WebPage","@id":"https:\/\/delfos.shop\/product\/gaucha-delfos\/","url":"https:\/\/delfos.shop\/product\/gaucha-delfos\/","name":"Gaucha Delfos - Delfos","isPartOf":{"@id":"https:\/\/delfos.shop\/#website"},"primaryImageOfPage":{"@id":"https:\/\/delfos.shop\/product\/gaucha-delfos\/#primaryimage"},"image":{"@id":"https:\/\/delfos.shop\/product\/gaucha-delfos\/#primaryimage"},"thumbnailUrl":"https:\/\/delfos.shop\/wp-content\/uploads\/2026\/04\/Delfozzs-26_83-copia.jpg","datePublished":"2026-04-16T17:26:45+00:00","dateModified":"2026-04-18T20:15:22+00:00","description":"Jean tipo Bombacha de Campo en denim 100% algod\u00f3n. Calce c\u00f3modo con pinzas, pu\u00f1o en botamanga y detalle bordado exclusivo. Delfos Origen AW26","breadcrumb":{"@id":"https:\/\/delfos.shop\/product\/gaucha-delfos\/#breadcrumb"},"inLanguage":"es-AR","potentialAction":[{"@type":"ReadAction","target":["https:\/\/delfos.shop\/product\/gaucha-delfos\/"]}]},{"@type":"ImageObject","inLanguage":"es-AR","@id":"https:\/\/delfos.shop\/product\/gaucha-delfos\/#primaryimage","url":"https:\/\/delfos.shop\/wp-content\/uploads\/2026\/04\/Delfozzs-26_83-copia.jpg","contentUrl":"https:\/\/delfos.shop\/wp-content\/uploads\/2026\/04\/Delfozzs-26_83-copia.jpg","width":1200,"height":1800},{"@type":"BreadcrumbList","@id":"https:\/\/delfos.shop\/product\/gaucha-delfos\/#breadcrumb","itemListElement":[{"@type":"ListItem","position":1,"name":"Home","item":"https:\/\/delfos.shop\/"},{"@type":"ListItem","position":2,"name":"Shop","item":"https:\/\/delfos.shop\/shop\/"},{"@type":"ListItem","position":3,"name":"Gaucha Delfos"}]},{"@type":"WebSite","@id":"https:\/\/delfos.shop\/#website","url":"https:\/\/delfos.shop\/","name":"Delfos","description":"","publisher":{"@id":"https:\/\/delfos.shop\/#organization"},"potentialAction":[{"@type":"SearchAction","target":{"@type":"EntryPoint","urlTemplate":"https:\/\/delfos.shop\/?s={search_term_string}"},"query-input":{"@type":"PropertyValueSpecification","valueRequired":true,"valueName":"search_term_string"}}],"inLanguage":"es-AR"},{"@type":"Organization","@id":"https:\/\/delfos.shop\/#organization","name":"Delfos","url":"https:\/\/delfos.shop\/","logo":{"@type":"ImageObject","inLanguage":"es-AR","@id":"https:\/\/delfos.shop\/#\/schema\/logo\/image\/","url":"https:\/\/delfos.shop\/wp-content\/uploads\/2022\/12\/Untitled-1.gif","contentUrl":"https:\/\/delfos.shop\/wp-content\/uploads\/2022\/12\/Untitled-1.gif","width":1080,"height":1080,"caption":"Delfos"},"image":{"@id":"https:\/\/delfos.shop\/#\/schema\/logo\/image\/"},"sameAs":["https:\/\/www.instagram.com\/__delfos__\/"]}]}},"_links":{"self":[{"href":"https:\/\/delfos.shop\/es\/wp-json\/wp\/v2\/product\/14694","targetHints":{"allow":["GET"]}}],"collection":[{"href":"https:\/\/delfos.shop\/es\/wp-json\/wp\/v2\/product"}],"about":[{"href":"https:\/\/delfos.shop\/es\/wp-json\/wp\/v2\/types\/product"}],"version-history":[{"count":5,"href":"https:\/\/delfos.shop\/es\/wp-json\/wp\/v2\/product\/14694\/revisions"}],"predecessor-version":[{"id":15034,"href":"https:\/\/delfos.shop\/es\/wp-json\/wp\/v2\/product\/14694\/revisions\/15034"}],"wp:featuredmedia":[{"embeddable":true,"href":"https:\/\/delfos.shop\/es\/wp-json\/wp\/v2\/media\/14971"}],"wp:attachment":[{"href":"https:\/\/delfos.shop\/es\/wp-json\/wp\/v2\/media?parent=14694"}],"wp:term":[{"taxonomy":"product_brand","embeddable":true,"href":"https:\/\/delfos.shop\/es\/wp-json\/wp\/v2\/product_brand?post=14694"},{"taxonomy":"product_cat","embeddable":true,"href":"https:\/\/delfos.shop\/es\/wp-json\/wp\/v2\/product_cat?post=14694"},{"taxonomy":"product_tag","embeddable":true,"href":"https:\/\/delfos.shop\/es\/wp-json\/wp\/v2\/product_tag?post=14694"}],"curies":[{"name":"wp","href":"https:\/\/api.w.org\/{rel}","templated":true}]}}