{"id":14689,"date":"2026-04-16T14:21:31","date_gmt":"2026-04-16T17:21:31","guid":{"rendered":"https:\/\/delfos.shop\/?post_type=product&#038;p=14689"},"modified":"2026-04-18T17:14:13","modified_gmt":"2026-04-18T20:14:13","slug":"ciudad-de-la-furia-t-shirt","status":"publish","type":"product","link":"https:\/\/delfos.shop\/es\/product\/ciudad-de-la-furia-t-shirt\/","title":{"rendered":"Ciudad de la furia T-Shirt"},"content":{"rendered":"<p>Cuando dec\u00eds &#8220;ciudad de la furia&#8221; y est\u00e1 todo dicho. Delfos 100% Bs.As.<\/p>\n<p>100% Algodon.<\/p>\n<p>&nbsp;<\/p>\n","protected":false},"excerpt":{"rendered":"<p>Cuando dec\u00eds &#8220;ciudad de la furia&#8221; y est\u00e1 todo dicho. Delfos 100% Bs.As. 100% Algodon. &nbsp;<\/p>\n","protected":false},"featured_media":14865,"template":"","meta":{"_acf_changed":false},"product_brand":[],"product_cat":[117],"product_tag":[],"class_list":{"0":"post-14689","1":"product","2":"type-product","3":"status-publish","4":"has-post-thumbnail","6":"product_cat-origen-aw26","8":"first","9":"instock","10":"shipping-taxable","11":"purchasable","12":"product-type-variable"},"acf":[],"yoast_head":"<!-- This site is optimized with the Yoast SEO plugin v27.4 - https:\/\/yoast.com\/product\/yoast-seo-wordpress\/ -->\n<title>Ciudad de la furia T-Shirt - Delfos<\/title>\n<meta name=\"description\" content=\"Sent\u00ed la Ciudad de la Furia con esta remera 100% algod\u00f3n. Dise\u00f1o exclusivo de Delfos inspirado en el ADN de Buenos Aires. Delfos Origen AW26\" \/>\n<meta name=\"robots\" content=\"index, follow, max-snippet:-1, max-image-preview:large, max-video-preview:-1\" \/>\n<link rel=\"canonical\" href=\"https:\/\/delfos.shop\/es\/product\/ciudad-de-la-furia-t-shirt\/\" \/>\n<meta property=\"og:locale\" content=\"es_ES\" \/>\n<meta property=\"og:type\" content=\"article\" \/>\n<meta property=\"og:title\" content=\"Ciudad de la furia T-Shirt - Delfos\" \/>\n<meta property=\"og:description\" content=\"Sent\u00ed la Ciudad de la Furia con esta remera 100% algod\u00f3n. Dise\u00f1o exclusivo de Delfos inspirado en el ADN de Buenos Aires. Delfos Origen AW26\" \/>\n<meta property=\"og:url\" content=\"https:\/\/delfos.shop\/es\/product\/ciudad-de-la-furia-t-shirt\/\" \/>\n<meta property=\"og:site_name\" content=\"Delfos\" \/>\n<meta property=\"article:publisher\" content=\"https:\/\/www.instagram.com\/__delfos__\/\" \/>\n<meta property=\"article:modified_time\" content=\"2026-04-18T20:14:13+00:00\" \/>\n<meta property=\"og:image\" content=\"https:\/\/delfos.shop\/wp-content\/uploads\/2026\/04\/Delfos-26_5.jpg\" \/>\n\t<meta property=\"og:image:width\" content=\"1200\" \/>\n\t<meta property=\"og:image:height\" content=\"1800\" \/>\n\t<meta property=\"og:image:type\" content=\"image\/jpeg\" \/>\n<meta name=\"twitter:card\" content=\"summary_large_image\" \/>\n<meta name=\"twitter:label1\" content=\"Tiempo de lectura\" \/>\n\t<meta name=\"twitter:data1\" content=\"1 minuto\" \/>\n<script type=\"application\/ld+json\" class=\"yoast-schema-graph\">{\"@context\":\"https:\\\/\\\/schema.org\",\"@graph\":[{\"@type\":\"WebPage\",\"@id\":\"https:\\\/\\\/delfos.shop\\\/product\\\/ciudad-de-la-furia-t-shirt\\\/\",\"url\":\"https:\\\/\\\/delfos.shop\\\/product\\\/ciudad-de-la-furia-t-shirt\\\/\",\"name\":\"Ciudad de la furia T-Shirt - Delfos\",\"isPartOf\":{\"@id\":\"https:\\\/\\\/delfos.shop\\\/#website\"},\"primaryImageOfPage\":{\"@id\":\"https:\\\/\\\/delfos.shop\\\/product\\\/ciudad-de-la-furia-t-shirt\\\/#primaryimage\"},\"image\":{\"@id\":\"https:\\\/\\\/delfos.shop\\\/product\\\/ciudad-de-la-furia-t-shirt\\\/#primaryimage\"},\"thumbnailUrl\":\"https:\\\/\\\/delfos.shop\\\/wp-content\\\/uploads\\\/2026\\\/04\\\/Delfos-26_5.jpg\",\"datePublished\":\"2026-04-16T17:21:31+00:00\",\"dateModified\":\"2026-04-18T20:14:13+00:00\",\"description\":\"Sent\u00ed la Ciudad de la Furia con esta remera 100% algod\u00f3n. Dise\u00f1o exclusivo de Delfos inspirado en el ADN de Buenos Aires. Delfos Origen AW26\",\"breadcrumb\":{\"@id\":\"https:\\\/\\\/delfos.shop\\\/product\\\/ciudad-de-la-furia-t-shirt\\\/#breadcrumb\"},\"inLanguage\":\"es-AR\",\"potentialAction\":[{\"@type\":\"ReadAction\",\"target\":[\"https:\\\/\\\/delfos.shop\\\/product\\\/ciudad-de-la-furia-t-shirt\\\/\"]}]},{\"@type\":\"ImageObject\",\"inLanguage\":\"es-AR\",\"@id\":\"https:\\\/\\\/delfos.shop\\\/product\\\/ciudad-de-la-furia-t-shirt\\\/#primaryimage\",\"url\":\"https:\\\/\\\/delfos.shop\\\/wp-content\\\/uploads\\\/2026\\\/04\\\/Delfos-26_5.jpg\",\"contentUrl\":\"https:\\\/\\\/delfos.shop\\\/wp-content\\\/uploads\\\/2026\\\/04\\\/Delfos-26_5.jpg\",\"width\":1200,\"height\":1800},{\"@type\":\"BreadcrumbList\",\"@id\":\"https:\\\/\\\/delfos.shop\\\/product\\\/ciudad-de-la-furia-t-shirt\\\/#breadcrumb\",\"itemListElement\":[{\"@type\":\"ListItem\",\"position\":1,\"name\":\"Home\",\"item\":\"https:\\\/\\\/delfos.shop\\\/\"},{\"@type\":\"ListItem\",\"position\":2,\"name\":\"Shop\",\"item\":\"https:\\\/\\\/delfos.shop\\\/shop\\\/\"},{\"@type\":\"ListItem\",\"position\":3,\"name\":\"Ciudad de la furia T-Shirt\"}]},{\"@type\":\"WebSite\",\"@id\":\"https:\\\/\\\/delfos.shop\\\/#website\",\"url\":\"https:\\\/\\\/delfos.shop\\\/\",\"name\":\"Delfos\",\"description\":\"\",\"publisher\":{\"@id\":\"https:\\\/\\\/delfos.shop\\\/#organization\"},\"potentialAction\":[{\"@type\":\"SearchAction\",\"target\":{\"@type\":\"EntryPoint\",\"urlTemplate\":\"https:\\\/\\\/delfos.shop\\\/?s={search_term_string}\"},\"query-input\":{\"@type\":\"PropertyValueSpecification\",\"valueRequired\":true,\"valueName\":\"search_term_string\"}}],\"inLanguage\":\"es-AR\"},{\"@type\":\"Organization\",\"@id\":\"https:\\\/\\\/delfos.shop\\\/#organization\",\"name\":\"Delfos\",\"url\":\"https:\\\/\\\/delfos.shop\\\/\",\"logo\":{\"@type\":\"ImageObject\",\"inLanguage\":\"es-AR\",\"@id\":\"https:\\\/\\\/delfos.shop\\\/#\\\/schema\\\/logo\\\/image\\\/\",\"url\":\"https:\\\/\\\/delfos.shop\\\/wp-content\\\/uploads\\\/2022\\\/12\\\/Untitled-1.gif\",\"contentUrl\":\"https:\\\/\\\/delfos.shop\\\/wp-content\\\/uploads\\\/2022\\\/12\\\/Untitled-1.gif\",\"width\":1080,\"height\":1080,\"caption\":\"Delfos\"},\"image\":{\"@id\":\"https:\\\/\\\/delfos.shop\\\/#\\\/schema\\\/logo\\\/image\\\/\"},\"sameAs\":[\"https:\\\/\\\/www.instagram.com\\\/__delfos__\\\/\"]}]}<\/script>\n<!-- \/ Yoast SEO plugin. -->","yoast_head_json":{"title":"Ciudad de la furia T-Shirt - Delfos","description":"Sent\u00ed la Ciudad de la Furia con esta remera 100% algod\u00f3n. Dise\u00f1o exclusivo de Delfos inspirado en el ADN de Buenos Aires. Delfos Origen AW26","robots":{"index":"index","follow":"follow","max-snippet":"max-snippet:-1","max-image-preview":"max-image-preview:large","max-video-preview":"max-video-preview:-1"},"canonical":"https:\/\/delfos.shop\/es\/product\/ciudad-de-la-furia-t-shirt\/","og_locale":"es_ES","og_type":"article","og_title":"Ciudad de la furia T-Shirt - Delfos","og_description":"Sent\u00ed la Ciudad de la Furia con esta remera 100% algod\u00f3n. Dise\u00f1o exclusivo de Delfos inspirado en el ADN de Buenos Aires. Delfos Origen AW26","og_url":"https:\/\/delfos.shop\/es\/product\/ciudad-de-la-furia-t-shirt\/","og_site_name":"Delfos","article_publisher":"https:\/\/www.instagram.com\/__delfos__\/","article_modified_time":"2026-04-18T20:14:13+00:00","og_image":[{"width":1200,"height":1800,"url":"https:\/\/delfos.shop\/wp-content\/uploads\/2026\/04\/Delfos-26_5.jpg","type":"image\/jpeg"}],"twitter_card":"summary_large_image","twitter_misc":{"Tiempo de lectura":"1 minuto"},"schema":{"@context":"https:\/\/schema.org","@graph":[{"@type":"WebPage","@id":"https:\/\/delfos.shop\/product\/ciudad-de-la-furia-t-shirt\/","url":"https:\/\/delfos.shop\/product\/ciudad-de-la-furia-t-shirt\/","name":"Ciudad de la furia T-Shirt - Delfos","isPartOf":{"@id":"https:\/\/delfos.shop\/#website"},"primaryImageOfPage":{"@id":"https:\/\/delfos.shop\/product\/ciudad-de-la-furia-t-shirt\/#primaryimage"},"image":{"@id":"https:\/\/delfos.shop\/product\/ciudad-de-la-furia-t-shirt\/#primaryimage"},"thumbnailUrl":"https:\/\/delfos.shop\/wp-content\/uploads\/2026\/04\/Delfos-26_5.jpg","datePublished":"2026-04-16T17:21:31+00:00","dateModified":"2026-04-18T20:14:13+00:00","description":"Sent\u00ed la Ciudad de la Furia con esta remera 100% algod\u00f3n. Dise\u00f1o exclusivo de Delfos inspirado en el ADN de Buenos Aires. Delfos Origen AW26","breadcrumb":{"@id":"https:\/\/delfos.shop\/product\/ciudad-de-la-furia-t-shirt\/#breadcrumb"},"inLanguage":"es-AR","potentialAction":[{"@type":"ReadAction","target":["https:\/\/delfos.shop\/product\/ciudad-de-la-furia-t-shirt\/"]}]},{"@type":"ImageObject","inLanguage":"es-AR","@id":"https:\/\/delfos.shop\/product\/ciudad-de-la-furia-t-shirt\/#primaryimage","url":"https:\/\/delfos.shop\/wp-content\/uploads\/2026\/04\/Delfos-26_5.jpg","contentUrl":"https:\/\/delfos.shop\/wp-content\/uploads\/2026\/04\/Delfos-26_5.jpg","width":1200,"height":1800},{"@type":"BreadcrumbList","@id":"https:\/\/delfos.shop\/product\/ciudad-de-la-furia-t-shirt\/#breadcrumb","itemListElement":[{"@type":"ListItem","position":1,"name":"Home","item":"https:\/\/delfos.shop\/"},{"@type":"ListItem","position":2,"name":"Shop","item":"https:\/\/delfos.shop\/shop\/"},{"@type":"ListItem","position":3,"name":"Ciudad de la furia T-Shirt"}]},{"@type":"WebSite","@id":"https:\/\/delfos.shop\/#website","url":"https:\/\/delfos.shop\/","name":"Delfos","description":"","publisher":{"@id":"https:\/\/delfos.shop\/#organization"},"potentialAction":[{"@type":"SearchAction","target":{"@type":"EntryPoint","urlTemplate":"https:\/\/delfos.shop\/?s={search_term_string}"},"query-input":{"@type":"PropertyValueSpecification","valueRequired":true,"valueName":"search_term_string"}}],"inLanguage":"es-AR"},{"@type":"Organization","@id":"https:\/\/delfos.shop\/#organization","name":"Delfos","url":"https:\/\/delfos.shop\/","logo":{"@type":"ImageObject","inLanguage":"es-AR","@id":"https:\/\/delfos.shop\/#\/schema\/logo\/image\/","url":"https:\/\/delfos.shop\/wp-content\/uploads\/2022\/12\/Untitled-1.gif","contentUrl":"https:\/\/delfos.shop\/wp-content\/uploads\/2022\/12\/Untitled-1.gif","width":1080,"height":1080,"caption":"Delfos"},"image":{"@id":"https:\/\/delfos.shop\/#\/schema\/logo\/image\/"},"sameAs":["https:\/\/www.instagram.com\/__delfos__\/"]}]}},"_links":{"self":[{"href":"https:\/\/delfos.shop\/es\/wp-json\/wp\/v2\/product\/14689","targetHints":{"allow":["GET"]}}],"collection":[{"href":"https:\/\/delfos.shop\/es\/wp-json\/wp\/v2\/product"}],"about":[{"href":"https:\/\/delfos.shop\/es\/wp-json\/wp\/v2\/types\/product"}],"version-history":[{"count":3,"href":"https:\/\/delfos.shop\/es\/wp-json\/wp\/v2\/product\/14689\/revisions"}],"predecessor-version":[{"id":14866,"href":"https:\/\/delfos.shop\/es\/wp-json\/wp\/v2\/product\/14689\/revisions\/14866"}],"wp:featuredmedia":[{"embeddable":true,"href":"https:\/\/delfos.shop\/es\/wp-json\/wp\/v2\/media\/14865"}],"wp:attachment":[{"href":"https:\/\/delfos.shop\/es\/wp-json\/wp\/v2\/media?parent=14689"}],"wp:term":[{"taxonomy":"product_brand","embeddable":true,"href":"https:\/\/delfos.shop\/es\/wp-json\/wp\/v2\/product_brand?post=14689"},{"taxonomy":"product_cat","embeddable":true,"href":"https:\/\/delfos.shop\/es\/wp-json\/wp\/v2\/product_cat?post=14689"},{"taxonomy":"product_tag","embeddable":true,"href":"https:\/\/delfos.shop\/es\/wp-json\/wp\/v2\/product_tag?post=14689"}],"curies":[{"name":"wp","href":"https:\/\/api.w.org\/{rel}","templated":true}]}}