{"id":14656,"date":"2026-04-16T13:27:39","date_gmt":"2026-04-16T16:27:39","guid":{"rendered":"https:\/\/delfos.shop\/?post_type=product&#038;p=14656"},"modified":"2026-04-18T17:41:21","modified_gmt":"2026-04-18T20:41:21","slug":"furia-bootcutjeans","status":"publish","type":"product","link":"https:\/\/delfos.shop\/es\/product\/furia-bootcutjeans\/","title":{"rendered":"Furia Bootcut Jeans"},"content":{"rendered":"<p>Jeans de corte oxford , tiro bajo.<\/p>\n<p>Print de leopardo con chakanas. Fusi\u00f3n absoluta entre la energ\u00eda del animal print y la geometr\u00eda sagrada de la chakana.<\/p>\n<p><span data-sheets-root=\"1\">La ubicaci\u00f3n de la estampa puede variar en cada jean.<\/span><\/p>\n<p>Denim 98% Algod\u00f3n\u00a0 \/ 2% Elastano.<\/p>\n","protected":false},"excerpt":{"rendered":"<p>Jeans de corte oxford , tiro bajo. Print de leopardo con chakanas. Fusi\u00f3n absoluta entre la energ\u00eda del animal print y la geometr\u00eda sagrada de la chakana. La ubicaci\u00f3n de [&hellip;]<\/p>\n","protected":false},"featured_media":14965,"template":"","meta":{"_acf_changed":false},"product_brand":[],"product_cat":[117],"product_tag":[],"class_list":{"0":"post-14656","1":"product","2":"type-product","3":"status-publish","4":"has-post-thumbnail","6":"product_cat-origen-aw26","8":"first","9":"instock","10":"shipping-taxable","11":"purchasable","12":"product-type-variable"},"acf":[],"yoast_head":"<!-- This site is optimized with the Yoast SEO plugin v27.4 - https:\/\/yoast.com\/product\/yoast-seo-wordpress\/ -->\n<title>Furia Bootcut Jeans - Delfos<\/title>\n<meta name=\"description\" content=\"Jeans oxford con estampa exclusiva de Animal Print y Chakanas. Confeccionada en denim con spandex para un calce perfecto. Delfos Origen AW26\" \/>\n<meta name=\"robots\" content=\"index, follow, max-snippet:-1, max-image-preview:large, max-video-preview:-1\" \/>\n<link rel=\"canonical\" href=\"https:\/\/delfos.shop\/es\/product\/furia-bootcutjeans\/\" \/>\n<meta property=\"og:locale\" content=\"es_ES\" \/>\n<meta property=\"og:type\" content=\"article\" \/>\n<meta property=\"og:title\" content=\"Furia Bootcut Jeans - Delfos\" \/>\n<meta property=\"og:description\" content=\"Jeans oxford con estampa exclusiva de Animal Print y Chakanas. Confeccionada en denim con spandex para un calce perfecto. Delfos Origen AW26\" \/>\n<meta property=\"og:url\" content=\"https:\/\/delfos.shop\/es\/product\/furia-bootcutjeans\/\" \/>\n<meta property=\"og:site_name\" content=\"Delfos\" \/>\n<meta property=\"article:publisher\" content=\"https:\/\/www.instagram.com\/__delfos__\/\" \/>\n<meta property=\"article:modified_time\" content=\"2026-04-18T20:41:21+00:00\" \/>\n<meta property=\"og:image\" content=\"https:\/\/delfos.shop\/wp-content\/uploads\/2026\/04\/Delfos-26_x83-copia-1.jpg\" \/>\n\t<meta property=\"og:image:width\" content=\"1200\" \/>\n\t<meta property=\"og:image:height\" content=\"1800\" \/>\n\t<meta property=\"og:image:type\" content=\"image\/jpeg\" \/>\n<meta name=\"twitter:card\" content=\"summary_large_image\" \/>\n<meta name=\"twitter:label1\" content=\"Tiempo de lectura\" \/>\n\t<meta name=\"twitter:data1\" content=\"1 minuto\" \/>\n<script type=\"application\/ld+json\" class=\"yoast-schema-graph\">{\"@context\":\"https:\\\/\\\/schema.org\",\"@graph\":[{\"@type\":\"WebPage\",\"@id\":\"https:\\\/\\\/delfos.shop\\\/product\\\/furia-bootcutjeans\\\/\",\"url\":\"https:\\\/\\\/delfos.shop\\\/product\\\/furia-bootcutjeans\\\/\",\"name\":\"Furia Bootcut Jeans - Delfos\",\"isPartOf\":{\"@id\":\"https:\\\/\\\/delfos.shop\\\/#website\"},\"primaryImageOfPage\":{\"@id\":\"https:\\\/\\\/delfos.shop\\\/product\\\/furia-bootcutjeans\\\/#primaryimage\"},\"image\":{\"@id\":\"https:\\\/\\\/delfos.shop\\\/product\\\/furia-bootcutjeans\\\/#primaryimage\"},\"thumbnailUrl\":\"https:\\\/\\\/delfos.shop\\\/wp-content\\\/uploads\\\/2026\\\/04\\\/Delfos-26_x83-copia-1.jpg\",\"datePublished\":\"2026-04-16T16:27:39+00:00\",\"dateModified\":\"2026-04-18T20:41:21+00:00\",\"description\":\"Jeans oxford con estampa exclusiva de Animal Print y Chakanas. Confeccionada en denim con spandex para un calce perfecto. Delfos Origen AW26\",\"breadcrumb\":{\"@id\":\"https:\\\/\\\/delfos.shop\\\/product\\\/furia-bootcutjeans\\\/#breadcrumb\"},\"inLanguage\":\"es-AR\",\"potentialAction\":[{\"@type\":\"ReadAction\",\"target\":[\"https:\\\/\\\/delfos.shop\\\/product\\\/furia-bootcutjeans\\\/\"]}]},{\"@type\":\"ImageObject\",\"inLanguage\":\"es-AR\",\"@id\":\"https:\\\/\\\/delfos.shop\\\/product\\\/furia-bootcutjeans\\\/#primaryimage\",\"url\":\"https:\\\/\\\/delfos.shop\\\/wp-content\\\/uploads\\\/2026\\\/04\\\/Delfos-26_x83-copia-1.jpg\",\"contentUrl\":\"https:\\\/\\\/delfos.shop\\\/wp-content\\\/uploads\\\/2026\\\/04\\\/Delfos-26_x83-copia-1.jpg\",\"width\":1200,\"height\":1800},{\"@type\":\"BreadcrumbList\",\"@id\":\"https:\\\/\\\/delfos.shop\\\/product\\\/furia-bootcutjeans\\\/#breadcrumb\",\"itemListElement\":[{\"@type\":\"ListItem\",\"position\":1,\"name\":\"Home\",\"item\":\"https:\\\/\\\/delfos.shop\\\/\"},{\"@type\":\"ListItem\",\"position\":2,\"name\":\"Shop\",\"item\":\"https:\\\/\\\/delfos.shop\\\/shop\\\/\"},{\"@type\":\"ListItem\",\"position\":3,\"name\":\"Furia Bootcut Jeans\"}]},{\"@type\":\"WebSite\",\"@id\":\"https:\\\/\\\/delfos.shop\\\/#website\",\"url\":\"https:\\\/\\\/delfos.shop\\\/\",\"name\":\"Delfos\",\"description\":\"\",\"publisher\":{\"@id\":\"https:\\\/\\\/delfos.shop\\\/#organization\"},\"potentialAction\":[{\"@type\":\"SearchAction\",\"target\":{\"@type\":\"EntryPoint\",\"urlTemplate\":\"https:\\\/\\\/delfos.shop\\\/?s={search_term_string}\"},\"query-input\":{\"@type\":\"PropertyValueSpecification\",\"valueRequired\":true,\"valueName\":\"search_term_string\"}}],\"inLanguage\":\"es-AR\"},{\"@type\":\"Organization\",\"@id\":\"https:\\\/\\\/delfos.shop\\\/#organization\",\"name\":\"Delfos\",\"url\":\"https:\\\/\\\/delfos.shop\\\/\",\"logo\":{\"@type\":\"ImageObject\",\"inLanguage\":\"es-AR\",\"@id\":\"https:\\\/\\\/delfos.shop\\\/#\\\/schema\\\/logo\\\/image\\\/\",\"url\":\"https:\\\/\\\/delfos.shop\\\/wp-content\\\/uploads\\\/2022\\\/12\\\/Untitled-1.gif\",\"contentUrl\":\"https:\\\/\\\/delfos.shop\\\/wp-content\\\/uploads\\\/2022\\\/12\\\/Untitled-1.gif\",\"width\":1080,\"height\":1080,\"caption\":\"Delfos\"},\"image\":{\"@id\":\"https:\\\/\\\/delfos.shop\\\/#\\\/schema\\\/logo\\\/image\\\/\"},\"sameAs\":[\"https:\\\/\\\/www.instagram.com\\\/__delfos__\\\/\"]}]}<\/script>\n<!-- \/ Yoast SEO plugin. -->","yoast_head_json":{"title":"Furia Bootcut Jeans - Delfos","description":"Jeans oxford con estampa exclusiva de Animal Print y Chakanas. Confeccionada en denim con spandex para un calce perfecto. Delfos Origen AW26","robots":{"index":"index","follow":"follow","max-snippet":"max-snippet:-1","max-image-preview":"max-image-preview:large","max-video-preview":"max-video-preview:-1"},"canonical":"https:\/\/delfos.shop\/es\/product\/furia-bootcutjeans\/","og_locale":"es_ES","og_type":"article","og_title":"Furia Bootcut Jeans - Delfos","og_description":"Jeans oxford con estampa exclusiva de Animal Print y Chakanas. Confeccionada en denim con spandex para un calce perfecto. Delfos Origen AW26","og_url":"https:\/\/delfos.shop\/es\/product\/furia-bootcutjeans\/","og_site_name":"Delfos","article_publisher":"https:\/\/www.instagram.com\/__delfos__\/","article_modified_time":"2026-04-18T20:41:21+00:00","og_image":[{"width":1200,"height":1800,"url":"https:\/\/delfos.shop\/wp-content\/uploads\/2026\/04\/Delfos-26_x83-copia-1.jpg","type":"image\/jpeg"}],"twitter_card":"summary_large_image","twitter_misc":{"Tiempo de lectura":"1 minuto"},"schema":{"@context":"https:\/\/schema.org","@graph":[{"@type":"WebPage","@id":"https:\/\/delfos.shop\/product\/furia-bootcutjeans\/","url":"https:\/\/delfos.shop\/product\/furia-bootcutjeans\/","name":"Furia Bootcut Jeans - Delfos","isPartOf":{"@id":"https:\/\/delfos.shop\/#website"},"primaryImageOfPage":{"@id":"https:\/\/delfos.shop\/product\/furia-bootcutjeans\/#primaryimage"},"image":{"@id":"https:\/\/delfos.shop\/product\/furia-bootcutjeans\/#primaryimage"},"thumbnailUrl":"https:\/\/delfos.shop\/wp-content\/uploads\/2026\/04\/Delfos-26_x83-copia-1.jpg","datePublished":"2026-04-16T16:27:39+00:00","dateModified":"2026-04-18T20:41:21+00:00","description":"Jeans oxford con estampa exclusiva de Animal Print y Chakanas. Confeccionada en denim con spandex para un calce perfecto. Delfos Origen AW26","breadcrumb":{"@id":"https:\/\/delfos.shop\/product\/furia-bootcutjeans\/#breadcrumb"},"inLanguage":"es-AR","potentialAction":[{"@type":"ReadAction","target":["https:\/\/delfos.shop\/product\/furia-bootcutjeans\/"]}]},{"@type":"ImageObject","inLanguage":"es-AR","@id":"https:\/\/delfos.shop\/product\/furia-bootcutjeans\/#primaryimage","url":"https:\/\/delfos.shop\/wp-content\/uploads\/2026\/04\/Delfos-26_x83-copia-1.jpg","contentUrl":"https:\/\/delfos.shop\/wp-content\/uploads\/2026\/04\/Delfos-26_x83-copia-1.jpg","width":1200,"height":1800},{"@type":"BreadcrumbList","@id":"https:\/\/delfos.shop\/product\/furia-bootcutjeans\/#breadcrumb","itemListElement":[{"@type":"ListItem","position":1,"name":"Home","item":"https:\/\/delfos.shop\/"},{"@type":"ListItem","position":2,"name":"Shop","item":"https:\/\/delfos.shop\/shop\/"},{"@type":"ListItem","position":3,"name":"Furia Bootcut Jeans"}]},{"@type":"WebSite","@id":"https:\/\/delfos.shop\/#website","url":"https:\/\/delfos.shop\/","name":"Delfos","description":"","publisher":{"@id":"https:\/\/delfos.shop\/#organization"},"potentialAction":[{"@type":"SearchAction","target":{"@type":"EntryPoint","urlTemplate":"https:\/\/delfos.shop\/?s={search_term_string}"},"query-input":{"@type":"PropertyValueSpecification","valueRequired":true,"valueName":"search_term_string"}}],"inLanguage":"es-AR"},{"@type":"Organization","@id":"https:\/\/delfos.shop\/#organization","name":"Delfos","url":"https:\/\/delfos.shop\/","logo":{"@type":"ImageObject","inLanguage":"es-AR","@id":"https:\/\/delfos.shop\/#\/schema\/logo\/image\/","url":"https:\/\/delfos.shop\/wp-content\/uploads\/2022\/12\/Untitled-1.gif","contentUrl":"https:\/\/delfos.shop\/wp-content\/uploads\/2022\/12\/Untitled-1.gif","width":1080,"height":1080,"caption":"Delfos"},"image":{"@id":"https:\/\/delfos.shop\/#\/schema\/logo\/image\/"},"sameAs":["https:\/\/www.instagram.com\/__delfos__\/"]}]}},"_links":{"self":[{"href":"https:\/\/delfos.shop\/es\/wp-json\/wp\/v2\/product\/14656","targetHints":{"allow":["GET"]}}],"collection":[{"href":"https:\/\/delfos.shop\/es\/wp-json\/wp\/v2\/product"}],"about":[{"href":"https:\/\/delfos.shop\/es\/wp-json\/wp\/v2\/types\/product"}],"version-history":[{"count":6,"href":"https:\/\/delfos.shop\/es\/wp-json\/wp\/v2\/product\/14656\/revisions"}],"predecessor-version":[{"id":15033,"href":"https:\/\/delfos.shop\/es\/wp-json\/wp\/v2\/product\/14656\/revisions\/15033"}],"wp:featuredmedia":[{"embeddable":true,"href":"https:\/\/delfos.shop\/es\/wp-json\/wp\/v2\/media\/14965"}],"wp:attachment":[{"href":"https:\/\/delfos.shop\/es\/wp-json\/wp\/v2\/media?parent=14656"}],"wp:term":[{"taxonomy":"product_brand","embeddable":true,"href":"https:\/\/delfos.shop\/es\/wp-json\/wp\/v2\/product_brand?post=14656"},{"taxonomy":"product_cat","embeddable":true,"href":"https:\/\/delfos.shop\/es\/wp-json\/wp\/v2\/product_cat?post=14656"},{"taxonomy":"product_tag","embeddable":true,"href":"https:\/\/delfos.shop\/es\/wp-json\/wp\/v2\/product_tag?post=14656"}],"curies":[{"name":"wp","href":"https:\/\/api.w.org\/{rel}","templated":true}]}}