{"id":765,"date":"2022-12-05T19:10:43","date_gmt":"2022-12-05T19:10:43","guid":{"rendered":"https:\/\/delfos.shop\/?page_id=765"},"modified":"2025-05-08T00:57:39","modified_gmt":"2025-05-08T00:57:39","slug":"privacy-csr","status":"publish","type":"page","link":"https:\/\/delfos.shop\/es\/privacy-csr\/","title":{"rendered":"privacy &#038; CSR"},"content":{"rendered":"\t\t<div data-elementor-type=\"wp-page\" data-elementor-id=\"765\" class=\"elementor elementor-765\" data-elementor-post-type=\"page\">\n\t\t\t\t\t\t<section class=\"elementor-section elementor-top-section elementor-element elementor-element-4f94639 elementor-section-boxed elementor-section-height-default elementor-section-height-default\" data-id=\"4f94639\" data-element_type=\"section\" data-e-type=\"section\">\n\t\t\t\t\t\t<div class=\"elementor-container elementor-column-gap-default\">\n\t\t\t\t\t<div class=\"elementor-column elementor-col-100 elementor-top-column elementor-element elementor-element-a025afb\" data-id=\"a025afb\" data-element_type=\"column\" data-e-type=\"column\">\n\t\t\t<div class=\"elementor-widget-wrap elementor-element-populated\">\n\t\t\t\t\t\t<div class=\"elementor-element elementor-element-0b2fb4a elementor-widget elementor-widget-text-editor\" data-id=\"0b2fb4a\" data-element_type=\"widget\" data-e-type=\"widget\" data-widget_type=\"text-editor.default\">\n\t\t\t\t<div class=\"elementor-widget-container\">\n\t\t\t\t\t\t\t\t\t<h4 data-start=\"125\" data-end=\"154\">DECLARACI\u00d3N DE PRIVACIDAD<\/h4><p class=\"\" data-start=\"156\" data-end=\"204\"><strong data-start=\"156\" data-end=\"204\">SECCI\u00d3N 1 \u2013 \u00bfQU\u00c9 HACEMOS CON TU INFORMACI\u00d3N?<\/strong><\/p><p class=\"\" data-start=\"206\" data-end=\"621\">Cuando compr\u00e1s algo en nuestra tienda, como parte del proceso de compra y venta, recolectamos la informaci\u00f3n personal que nos proporcion\u00e1s, como tu nombre, direcci\u00f3n y direcci\u00f3n de correo electr\u00f3nico.<br data-start=\"406\" data-end=\"409\" \/>Cuando naveg\u00e1s por nuestra tienda, tambi\u00e9n recibimos autom\u00e1ticamente la direcci\u00f3n de protocolo de Internet (IP) de tu computadora para obtener informaci\u00f3n que nos ayuda a conocer tu navegador y sistema operativo.<\/p><p class=\"\" data-start=\"623\" data-end=\"653\"><strong data-start=\"623\" data-end=\"653\">SECCI\u00d3N 2 \u2013 CONSENTIMIENTO<\/strong><\/p><p class=\"\" data-start=\"655\" data-end=\"950\"><strong data-start=\"655\" data-end=\"693\">\u00bfC\u00f3mo obtenemos tu consentimiento?<\/strong><br data-start=\"693\" data-end=\"696\" \/>Cuando nos brind\u00e1s tu informaci\u00f3n personal para completar una transacci\u00f3n, verificar tu tarjeta de cr\u00e9dito, realizar un pedido, coordinar una entrega o devolver una compra, asumimos que acept\u00e1s que la recolectemos y usemos solo por ese motivo espec\u00edfico.<\/p><p class=\"\" data-start=\"952\" data-end=\"1207\"><strong data-start=\"952\" data-end=\"987\">\u00bfC\u00f3mo retiro mi consentimiento?<\/strong><br data-start=\"987\" data-end=\"990\" \/>Si luego de haber dado tu consentimiento cambi\u00e1s de opini\u00f3n, pod\u00e9s retirarlo para que no te contactemos m\u00e1s ni sigamos recopilando, usando o divulgando tu informaci\u00f3n. Para hacerlo, escribinos a: <a class=\"cursor-pointer\" rel=\"noopener\" data-start=\"1186\" data-end=\"1207\">shop.delfos@gmail.com<\/a><\/p><p class=\"\" data-start=\"1209\" data-end=\"1236\"><strong data-start=\"1209\" data-end=\"1236\">SECCI\u00d3N 3 \u2013 DIVULGACI\u00d3N<\/strong><\/p><p class=\"\" data-start=\"1238\" data-end=\"1344\">Podemos divulgar tu informaci\u00f3n personal si la ley nos lo exige o si viol\u00e1s nuestros T\u00e9rminos de Servicio.<\/p><p class=\"\" data-start=\"1346\" data-end=\"1377\"><strong data-start=\"1346\" data-end=\"1377\">SECCI\u00d3N 4 \u2013 ELEMENTOR CLOUD<\/strong><\/p><p class=\"\" data-start=\"1379\" data-end=\"1728\">Nuestra tienda est\u00e1 alojada en Elementor Cloud. Ellos nos proveen la plataforma de e-commerce online que nos permite vender nuestros productos y servicios.<br data-start=\"1534\" data-end=\"1537\" \/>Tus datos se almacenan a trav\u00e9s del almacenamiento de datos, bases de datos y la aplicaci\u00f3n general de Elementor Cloud. Tus datos est\u00e1n protegidos en un servidor seguro detr\u00e1s de un firewall.<\/p><p class=\"\" data-start=\"1730\" data-end=\"2416\"><strong data-start=\"1730\" data-end=\"1739\">Pago:<\/strong><br data-start=\"1739\" data-end=\"1742\" \/>Utilizamos dos pasarelas de pago: Paypal y Mercado Pago. La informaci\u00f3n enviada est\u00e1 cifrada.<br data-start=\"1835\" data-end=\"1838\" \/>Los datos de tu transacci\u00f3n de compra se almacenan solo durante el tiempo necesario para completar la operaci\u00f3n. Luego de finalizada, la informaci\u00f3n de la transacci\u00f3n es eliminada.<br data-start=\"2018\" data-end=\"2021\" \/>Todas las pasarelas de pago directo cumplen con los est\u00e1ndares establecidos por PCI-DSS, gestionados por el Consejo de Normas de Seguridad PCI, una iniciativa conjunta de marcas como Visa, MasterCard, American Express y Discover.<br data-start=\"2250\" data-end=\"2253\" \/>Los requisitos de PCI-DSS ayudan a garantizar el manejo seguro de la informaci\u00f3n de tarjetas de cr\u00e9dito por parte de nuestra tienda y sus proveedores de servicios.<\/p><p class=\"\" data-start=\"2418\" data-end=\"2455\"><strong data-start=\"2418\" data-end=\"2455\">SECCI\u00d3N 5 \u2013 SERVICIOS DE TERCEROS<\/strong><\/p><p class=\"\" data-start=\"2457\" data-end=\"3618\">En general, los proveedores externos que utilizamos solo recopilar\u00e1n, usar\u00e1n y divulgar\u00e1n tu informaci\u00f3n en la medida necesaria para permitirles realizar los servicios que nos prestan.<br data-start=\"2641\" data-end=\"2644\" \/>Sin embargo, algunos proveedores de servicios, como pasarelas de pago y procesadores de transacciones, tienen sus propias pol\u00edticas de privacidad con respecto a la informaci\u00f3n que debemos proporcionarles para las transacciones relacionadas con tu compra.<br data-start=\"2898\" data-end=\"2901\" \/>Para estos proveedores, te recomendamos que leas sus pol\u00edticas de privacidad para que entiendas c\u00f3mo manejar\u00e1n tu informaci\u00f3n personal.<br data-start=\"3036\" data-end=\"3039\" \/>Record\u00e1 que algunos proveedores pueden estar ubicados, o tener instalaciones ubicadas, en jurisdicciones distintas a la tuya o a la nuestra. Si decid\u00eds continuar con una transacci\u00f3n que involucra los servicios de un proveedor externo, tu informaci\u00f3n puede quedar sujeta a las leyes de la(s) jurisdicci\u00f3n(es) en que se encuentra dicho proveedor o sus instalaciones.<br data-start=\"3403\" data-end=\"3406\" \/>Una vez que sal\u00eds del sitio web de nuestra tienda o sos redirigido a un sitio web o aplicaci\u00f3n de terceros, ya no est\u00e1s regido por esta Pol\u00edtica de Privacidad ni por los T\u00e9rminos de Servicio de nuestro sitio web.<\/p><p class=\"\" data-start=\"3620\" data-end=\"3868\"><strong data-start=\"3620\" data-end=\"3631\">Enlaces<\/strong><br data-start=\"3631\" data-end=\"3634\" \/>Cuando hac\u00e9s clic en enlaces dentro de nuestra tienda, es posible que seas redirigido fuera de nuestro sitio. No somos responsables de las pr\u00e1cticas de privacidad de otros sitios y te recomendamos que leas sus pol\u00edticas de privacidad.<\/p><p class=\"\" data-start=\"3870\" data-end=\"3895\"><strong data-start=\"3870\" data-end=\"3895\">SECCI\u00d3N 6 \u2013 SEGURIDAD<\/strong><\/p><p class=\"\" data-start=\"3897\" data-end=\"4497\">Para proteger tu informaci\u00f3n personal, tomamos precauciones razonables y seguimos las mejores pr\u00e1cticas del sector para asegurarnos de que no se pierda, use indebidamente, acceda, divulgue, altere o destruya de forma inapropiada.<br data-start=\"4126\" data-end=\"4129\" \/>Si nos proporcion\u00e1s informaci\u00f3n de tu tarjeta de cr\u00e9dito, esa informaci\u00f3n es cifrada mediante la tecnolog\u00eda SSL (Secure Socket Layer) y almacenada con cifrado AES-256. Aunque ning\u00fan m\u00e9todo de transmisi\u00f3n por Internet o de almacenamiento electr\u00f3nico es 100% seguro, seguimos todos los requisitos de PCI-DSS y aplicamos est\u00e1ndares adicionales aceptados por la industria.<\/p><p class=\"\" data-start=\"4499\" data-end=\"4522\"><strong data-start=\"4499\" data-end=\"4522\">SECCI\u00d3N 7 \u2013 COOKIES<\/strong><\/p><p class=\"\" data-start=\"4524\" data-end=\"4637\">A continuaci\u00f3n, enumeramos las cookies que utilizamos, para que puedas decidir si quer\u00e9s optar por no recibirlas.<\/p><p class=\"\" data-start=\"4639\" data-end=\"4677\"><strong data-start=\"4639\" data-end=\"4677\">SECCI\u00d3N 8 \u2013 EDAD DE CONSENTIMIENTO<\/strong><\/p><p class=\"\" data-start=\"4679\" data-end=\"4923\">Al utilizar este sitio, declar\u00e1s que ten\u00e9s al menos la mayor\u00eda de edad en tu provincia o estado de residencia, o que ten\u00e9s la mayor\u00eda de edad y nos diste tu consentimiento para permitir que cualquiera de tus dependientes menores use este sitio.<\/p><p class=\"\" data-start=\"4925\" data-end=\"4979\"><strong data-start=\"4925\" data-end=\"4979\">SECCI\u00d3N 9 \u2013 CAMBIOS EN ESTA POL\u00cdTICA DE PRIVACIDAD<\/strong><\/p><p class=\"\" data-start=\"4981\" data-end=\"5627\">Nos reservamos el derecho de modificar esta pol\u00edtica de privacidad en cualquier momento, por lo que te sugerimos revisarla con frecuencia. Los cambios y aclaraciones entrar\u00e1n en vigencia inmediatamente despu\u00e9s de su publicaci\u00f3n en el sitio web.<br data-start=\"5225\" data-end=\"5228\" \/>Si realizamos cambios sustanciales a esta pol\u00edtica, te notificaremos aqu\u00ed que ha sido actualizada, para que sepas qu\u00e9 informaci\u00f3n recopilamos, c\u00f3mo la usamos y en qu\u00e9 circunstancias, si las hubiera, la utilizamos o divulgamos.<br data-start=\"5454\" data-end=\"5457\" \/>Si nuestra tienda es adquirida o fusionada con otra empresa, tu informaci\u00f3n podr\u00e1 ser transferida a los nuevos propietarios para que podamos seguir vendi\u00e9ndote productos.<\/p><p class=\"\" data-start=\"5629\" data-end=\"5653\"><strong data-start=\"5629\" data-end=\"5653\">PREGUNTAS Y CONTACTO<\/strong><\/p><p class=\"\" data-start=\"5655\" data-end=\"5903\">Si quer\u00e9s acceder, corregir, modificar o eliminar cualquier informaci\u00f3n personal que tengamos sobre vos, presentar una queja o simplemente quer\u00e9s m\u00e1s informaci\u00f3n, comunicate con nuestro Responsable de Privacidad escribiendo a: <a class=\"cursor-pointer\" rel=\"noopener\" data-start=\"5882\" data-end=\"5903\">shop.delfos@gmail.com<\/a><\/p><hr class=\"\" data-start=\"5905\" data-end=\"5908\" \/>\t\t\t\t\t\t\t\t<\/div>\n\t\t\t\t<\/div>\n\t\t\t\t\t<\/div>\n\t\t<\/div>\n\t\t\t\t\t<\/div>\n\t\t<\/section>\n\t\t\t\t<\/div>\n\t\t","protected":false},"excerpt":{"rendered":"<p>DECLARACI\u00d3N DE PRIVACIDAD SECCI\u00d3N 1 \u2013 \u00bfQU\u00c9 HACEMOS CON TU INFORMACI\u00d3N? Cuando compr\u00e1s algo en nuestra tienda, como parte del proceso de compra y venta, recolectamos la informaci\u00f3n personal que [&hellip;]<\/p>\n","protected":false},"author":50,"featured_media":0,"parent":0,"menu_order":0,"comment_status":"closed","ping_status":"closed","template":"","meta":{"_acf_changed":false,"footnotes":""},"class_list":["post-765","page","type-page","status-publish","hentry"],"acf":[],"yoast_head":"<!-- This site is optimized with the Yoast SEO plugin v27.4 - https:\/\/yoast.com\/product\/yoast-seo-wordpress\/ -->\n<title>privacy &amp; CSR - Delfos<\/title>\n<meta name=\"robots\" content=\"index, follow, max-snippet:-1, max-image-preview:large, max-video-preview:-1\" \/>\n<link rel=\"canonical\" href=\"https:\/\/delfos.shop\/es\/privacy-csr\/\" \/>\n<meta property=\"og:locale\" content=\"es_ES\" \/>\n<meta property=\"og:type\" content=\"article\" \/>\n<meta property=\"og:title\" content=\"privacy &amp; CSR - Delfos\" \/>\n<meta property=\"og:description\" content=\"DECLARACI\u00d3N DE PRIVACIDAD SECCI\u00d3N 1 \u2013 \u00bfQU\u00c9 HACEMOS CON TU INFORMACI\u00d3N? Cuando compr\u00e1s algo en nuestra tienda, como parte del proceso de compra y venta, recolectamos la informaci\u00f3n personal que [&hellip;]\" \/>\n<meta property=\"og:url\" content=\"https:\/\/delfos.shop\/es\/privacy-csr\/\" \/>\n<meta property=\"og:site_name\" content=\"Delfos\" \/>\n<meta property=\"article:publisher\" content=\"https:\/\/www.instagram.com\/__delfos__\/\" \/>\n<meta property=\"article:modified_time\" content=\"2025-05-08T00:57:39+00:00\" \/>\n<meta property=\"og:image\" content=\"https:\/\/delfos.shop\/wp-content\/uploads\/2025\/03\/cropped-GIF-1.gif\" \/>\n\t<meta property=\"og:image:width\" content=\"512\" \/>\n\t<meta property=\"og:image:height\" content=\"512\" \/>\n\t<meta property=\"og:image:type\" content=\"image\/gif\" \/>\n<meta name=\"twitter:card\" content=\"summary_large_image\" \/>\n<meta name=\"twitter:label1\" content=\"Tiempo de lectura\" \/>\n\t<meta name=\"twitter:data1\" content=\"4 minutos\" \/>\n<script type=\"application\/ld+json\" class=\"yoast-schema-graph\">{\"@context\":\"https:\\\/\\\/schema.org\",\"@graph\":[{\"@type\":\"WebPage\",\"@id\":\"https:\\\/\\\/delfos.shop\\\/privacy-csr\\\/\",\"url\":\"https:\\\/\\\/delfos.shop\\\/privacy-csr\\\/\",\"name\":\"privacy & CSR - Delfos\",\"isPartOf\":{\"@id\":\"https:\\\/\\\/delfos.shop\\\/#website\"},\"datePublished\":\"2022-12-05T19:10:43+00:00\",\"dateModified\":\"2025-05-08T00:57:39+00:00\",\"breadcrumb\":{\"@id\":\"https:\\\/\\\/delfos.shop\\\/privacy-csr\\\/#breadcrumb\"},\"inLanguage\":\"es-AR\",\"potentialAction\":[{\"@type\":\"ReadAction\",\"target\":[\"https:\\\/\\\/delfos.shop\\\/privacy-csr\\\/\"]}]},{\"@type\":\"BreadcrumbList\",\"@id\":\"https:\\\/\\\/delfos.shop\\\/privacy-csr\\\/#breadcrumb\",\"itemListElement\":[{\"@type\":\"ListItem\",\"position\":1,\"name\":\"Home\",\"item\":\"https:\\\/\\\/delfos.shop\\\/\"},{\"@type\":\"ListItem\",\"position\":2,\"name\":\"privacy &#038; CSR\"}]},{\"@type\":\"WebSite\",\"@id\":\"https:\\\/\\\/delfos.shop\\\/#website\",\"url\":\"https:\\\/\\\/delfos.shop\\\/\",\"name\":\"Delfos\",\"description\":\"\",\"publisher\":{\"@id\":\"https:\\\/\\\/delfos.shop\\\/#organization\"},\"potentialAction\":[{\"@type\":\"SearchAction\",\"target\":{\"@type\":\"EntryPoint\",\"urlTemplate\":\"https:\\\/\\\/delfos.shop\\\/?s={search_term_string}\"},\"query-input\":{\"@type\":\"PropertyValueSpecification\",\"valueRequired\":true,\"valueName\":\"search_term_string\"}}],\"inLanguage\":\"es-AR\"},{\"@type\":\"Organization\",\"@id\":\"https:\\\/\\\/delfos.shop\\\/#organization\",\"name\":\"Delfos\",\"url\":\"https:\\\/\\\/delfos.shop\\\/\",\"logo\":{\"@type\":\"ImageObject\",\"inLanguage\":\"es-AR\",\"@id\":\"https:\\\/\\\/delfos.shop\\\/#\\\/schema\\\/logo\\\/image\\\/\",\"url\":\"https:\\\/\\\/delfos.shop\\\/wp-content\\\/uploads\\\/2022\\\/12\\\/Untitled-1.gif\",\"contentUrl\":\"https:\\\/\\\/delfos.shop\\\/wp-content\\\/uploads\\\/2022\\\/12\\\/Untitled-1.gif\",\"width\":1080,\"height\":1080,\"caption\":\"Delfos\"},\"image\":{\"@id\":\"https:\\\/\\\/delfos.shop\\\/#\\\/schema\\\/logo\\\/image\\\/\"},\"sameAs\":[\"https:\\\/\\\/www.instagram.com\\\/__delfos__\\\/\"]}]}<\/script>\n<!-- \/ Yoast SEO plugin. -->","yoast_head_json":{"title":"privacy & CSR - Delfos","robots":{"index":"index","follow":"follow","max-snippet":"max-snippet:-1","max-image-preview":"max-image-preview:large","max-video-preview":"max-video-preview:-1"},"canonical":"https:\/\/delfos.shop\/es\/privacy-csr\/","og_locale":"es_ES","og_type":"article","og_title":"privacy & CSR - Delfos","og_description":"DECLARACI\u00d3N DE PRIVACIDAD SECCI\u00d3N 1 \u2013 \u00bfQU\u00c9 HACEMOS CON TU INFORMACI\u00d3N? Cuando compr\u00e1s algo en nuestra tienda, como parte del proceso de compra y venta, recolectamos la informaci\u00f3n personal que [&hellip;]","og_url":"https:\/\/delfos.shop\/es\/privacy-csr\/","og_site_name":"Delfos","article_publisher":"https:\/\/www.instagram.com\/__delfos__\/","article_modified_time":"2025-05-08T00:57:39+00:00","og_image":[{"width":512,"height":512,"url":"https:\/\/delfos.shop\/wp-content\/uploads\/2025\/03\/cropped-GIF-1.gif","type":"image\/gif"}],"twitter_card":"summary_large_image","twitter_misc":{"Tiempo de lectura":"4 minutos"},"schema":{"@context":"https:\/\/schema.org","@graph":[{"@type":"WebPage","@id":"https:\/\/delfos.shop\/privacy-csr\/","url":"https:\/\/delfos.shop\/privacy-csr\/","name":"privacy & CSR - Delfos","isPartOf":{"@id":"https:\/\/delfos.shop\/#website"},"datePublished":"2022-12-05T19:10:43+00:00","dateModified":"2025-05-08T00:57:39+00:00","breadcrumb":{"@id":"https:\/\/delfos.shop\/privacy-csr\/#breadcrumb"},"inLanguage":"es-AR","potentialAction":[{"@type":"ReadAction","target":["https:\/\/delfos.shop\/privacy-csr\/"]}]},{"@type":"BreadcrumbList","@id":"https:\/\/delfos.shop\/privacy-csr\/#breadcrumb","itemListElement":[{"@type":"ListItem","position":1,"name":"Home","item":"https:\/\/delfos.shop\/"},{"@type":"ListItem","position":2,"name":"privacy &#038; CSR"}]},{"@type":"WebSite","@id":"https:\/\/delfos.shop\/#website","url":"https:\/\/delfos.shop\/","name":"Delfos","description":"","publisher":{"@id":"https:\/\/delfos.shop\/#organization"},"potentialAction":[{"@type":"SearchAction","target":{"@type":"EntryPoint","urlTemplate":"https:\/\/delfos.shop\/?s={search_term_string}"},"query-input":{"@type":"PropertyValueSpecification","valueRequired":true,"valueName":"search_term_string"}}],"inLanguage":"es-AR"},{"@type":"Organization","@id":"https:\/\/delfos.shop\/#organization","name":"Delfos","url":"https:\/\/delfos.shop\/","logo":{"@type":"ImageObject","inLanguage":"es-AR","@id":"https:\/\/delfos.shop\/#\/schema\/logo\/image\/","url":"https:\/\/delfos.shop\/wp-content\/uploads\/2022\/12\/Untitled-1.gif","contentUrl":"https:\/\/delfos.shop\/wp-content\/uploads\/2022\/12\/Untitled-1.gif","width":1080,"height":1080,"caption":"Delfos"},"image":{"@id":"https:\/\/delfos.shop\/#\/schema\/logo\/image\/"},"sameAs":["https:\/\/www.instagram.com\/__delfos__\/"]}]}},"_links":{"self":[{"href":"https:\/\/delfos.shop\/es\/wp-json\/wp\/v2\/pages\/765","targetHints":{"allow":["GET"]}}],"collection":[{"href":"https:\/\/delfos.shop\/es\/wp-json\/wp\/v2\/pages"}],"about":[{"href":"https:\/\/delfos.shop\/es\/wp-json\/wp\/v2\/types\/page"}],"author":[{"embeddable":true,"href":"https:\/\/delfos.shop\/es\/wp-json\/wp\/v2\/users\/50"}],"replies":[{"embeddable":true,"href":"https:\/\/delfos.shop\/es\/wp-json\/wp\/v2\/comments?post=765"}],"version-history":[{"count":25,"href":"https:\/\/delfos.shop\/es\/wp-json\/wp\/v2\/pages\/765\/revisions"}],"predecessor-version":[{"id":11942,"href":"https:\/\/delfos.shop\/es\/wp-json\/wp\/v2\/pages\/765\/revisions\/11942"}],"wp:attachment":[{"href":"https:\/\/delfos.shop\/es\/wp-json\/wp\/v2\/media?parent=765"}],"curies":[{"name":"wp","href":"https:\/\/api.w.org\/{rel}","templated":true}]}}