{"id":9534,"date":"2024-09-16T22:44:50","date_gmt":"2024-09-16T22:44:50","guid":{"rendered":"https:\/\/delfos.shop\/?post_type=product&#038;p=9534"},"modified":"2025-11-14T10:54:05","modified_gmt":"2025-11-14T10:54:05","slug":"customdelfos","status":"publish","type":"product","link":"https:\/\/delfos.shop\/en\/product\/customdelfos\/","title":{"rendered":"Retapiz\u00e1 tu sill\u00f3n con Delfos"},"content":{"rendered":"<div class=\"s-pwa-cms c-pwa-markdown\">\n<ul>\n<li>Trabajamos en conjunto con un retapizador y podemos darle otra life a tu sill\u00f3n o el mueble que quieras.<\/li>\n<li>MADE TO ORDER. Mand\u00e1nos medidas &amp; fotos y nosotros te lo presupuestamos. Consultanos al whatsapp que aparece al final de la p\u00e1gina.<\/li>\n<\/ul>\n<ul>\n<li>Estampa: Pod\u00e9s seleccionar la estampa que m\u00e1s te guste de Delfos. Denim 100% algod\u00f3n.<\/li>\n<li>Se puede hacer la estampa mas lavada para que los colores queden menos brillantes.<\/li>\n<li>La colocaci\u00f3n de la estampa puede variar en cada producto.<\/li>\n<\/ul>\n<\/div>\n<div class=\"s-pwa-cms c-pwa-markdown\"><\/div>","protected":false},"excerpt":{"rendered":"<p>Trabajamos en conjunto con un retapizador y podemos darle otra life a tu sill\u00f3n o el mueble que quieras. MADE TO ORDER. Mand\u00e1nos medidas &amp; fotos y nosotros te lo [&hellip;]<\/p>\n","protected":false},"featured_media":9774,"template":"","meta":{"_acf_changed":false},"product_brand":[],"product_cat":[87],"product_tag":[],"class_list":{"0":"post-9534","1":"product","2":"type-product","3":"status-publish","4":"has-post-thumbnail","6":"product_cat-casa","8":"first","9":"instock","10":"shipping-taxable","11":"product-type-simple"},"acf":[],"yoast_head":"<!-- This site is optimized with the Yoast SEO plugin v27.4 - https:\/\/yoast.com\/product\/yoast-seo-wordpress\/ -->\n<title>Retapiz\u00e1 tu sill\u00f3n con Delfos - Delfos<\/title>\n<meta name=\"robots\" content=\"index, follow, max-snippet:-1, max-image-preview:large, max-video-preview:-1\" \/>\n<link rel=\"canonical\" href=\"https:\/\/delfos.shop\/en\/product\/customdelfos\/\" \/>\n<meta property=\"og:locale\" content=\"en_US\" \/>\n<meta property=\"og:type\" content=\"article\" \/>\n<meta property=\"og:title\" content=\"Retapiz\u00e1 tu sill\u00f3n con Delfos - Delfos\" \/>\n<meta property=\"og:description\" content=\"Trabajamos en conjunto con un retapizador y podemos darle otra life a tu sill\u00f3n o el mueble que quieras. MADE TO ORDER. Mand\u00e1nos medidas &amp; fotos y nosotros te lo [&hellip;]\" \/>\n<meta property=\"og:url\" content=\"https:\/\/delfos.shop\/en\/product\/customdelfos\/\" \/>\n<meta property=\"og:site_name\" content=\"Delfos\" \/>\n<meta property=\"article:publisher\" content=\"https:\/\/www.instagram.com\/__delfos__\/\" \/>\n<meta property=\"article:modified_time\" content=\"2025-11-14T10:54:05+00:00\" \/>\n<meta property=\"og:image\" content=\"https:\/\/delfos.shop\/wp-content\/uploads\/2024\/09\/ret-scaled.jpg\" \/>\n\t<meta property=\"og:image:width\" content=\"1708\" \/>\n\t<meta property=\"og:image:height\" content=\"2560\" \/>\n\t<meta property=\"og:image:type\" content=\"image\/jpeg\" \/>\n<meta name=\"twitter:card\" content=\"summary_large_image\" \/>\n<meta name=\"twitter:label1\" content=\"Est. reading time\" \/>\n\t<meta name=\"twitter:data1\" content=\"1 minute\" \/>\n<script type=\"application\/ld+json\" class=\"yoast-schema-graph\">{\"@context\":\"https:\\\/\\\/schema.org\",\"@graph\":[{\"@type\":\"WebPage\",\"@id\":\"https:\\\/\\\/delfos.shop\\\/product\\\/customdelfos\\\/\",\"url\":\"https:\\\/\\\/delfos.shop\\\/product\\\/customdelfos\\\/\",\"name\":\"Retapiz\u00e1 tu sill\u00f3n con Delfos - Delfos\",\"isPartOf\":{\"@id\":\"https:\\\/\\\/delfos.shop\\\/#website\"},\"primaryImageOfPage\":{\"@id\":\"https:\\\/\\\/delfos.shop\\\/product\\\/customdelfos\\\/#primaryimage\"},\"image\":{\"@id\":\"https:\\\/\\\/delfos.shop\\\/product\\\/customdelfos\\\/#primaryimage\"},\"thumbnailUrl\":\"https:\\\/\\\/delfos.shop\\\/wp-content\\\/uploads\\\/2024\\\/09\\\/ret-scaled.jpg\",\"datePublished\":\"2024-09-16T22:44:50+00:00\",\"dateModified\":\"2025-11-14T10:54:05+00:00\",\"breadcrumb\":{\"@id\":\"https:\\\/\\\/delfos.shop\\\/product\\\/customdelfos\\\/#breadcrumb\"},\"inLanguage\":\"en-US\",\"potentialAction\":[{\"@type\":\"ReadAction\",\"target\":[\"https:\\\/\\\/delfos.shop\\\/product\\\/customdelfos\\\/\"]}]},{\"@type\":\"ImageObject\",\"inLanguage\":\"en-US\",\"@id\":\"https:\\\/\\\/delfos.shop\\\/product\\\/customdelfos\\\/#primaryimage\",\"url\":\"https:\\\/\\\/delfos.shop\\\/wp-content\\\/uploads\\\/2024\\\/09\\\/ret-scaled.jpg\",\"contentUrl\":\"https:\\\/\\\/delfos.shop\\\/wp-content\\\/uploads\\\/2024\\\/09\\\/ret-scaled.jpg\",\"width\":1708,\"height\":2560},{\"@type\":\"BreadcrumbList\",\"@id\":\"https:\\\/\\\/delfos.shop\\\/product\\\/customdelfos\\\/#breadcrumb\",\"itemListElement\":[{\"@type\":\"ListItem\",\"position\":1,\"name\":\"Home\",\"item\":\"https:\\\/\\\/delfos.shop\\\/\"},{\"@type\":\"ListItem\",\"position\":2,\"name\":\"Shop\",\"item\":\"https:\\\/\\\/delfos.shop\\\/shop\\\/\"},{\"@type\":\"ListItem\",\"position\":3,\"name\":\"Retapiz\u00e1 tu sill\u00f3n con Delfos\"}]},{\"@type\":\"WebSite\",\"@id\":\"https:\\\/\\\/delfos.shop\\\/#website\",\"url\":\"https:\\\/\\\/delfos.shop\\\/\",\"name\":\"Delfos\",\"description\":\"\",\"publisher\":{\"@id\":\"https:\\\/\\\/delfos.shop\\\/#organization\"},\"potentialAction\":[{\"@type\":\"SearchAction\",\"target\":{\"@type\":\"EntryPoint\",\"urlTemplate\":\"https:\\\/\\\/delfos.shop\\\/?s={search_term_string}\"},\"query-input\":{\"@type\":\"PropertyValueSpecification\",\"valueRequired\":true,\"valueName\":\"search_term_string\"}}],\"inLanguage\":\"en-US\"},{\"@type\":\"Organization\",\"@id\":\"https:\\\/\\\/delfos.shop\\\/#organization\",\"name\":\"Delfos\",\"url\":\"https:\\\/\\\/delfos.shop\\\/\",\"logo\":{\"@type\":\"ImageObject\",\"inLanguage\":\"en-US\",\"@id\":\"https:\\\/\\\/delfos.shop\\\/#\\\/schema\\\/logo\\\/image\\\/\",\"url\":\"https:\\\/\\\/delfos.shop\\\/wp-content\\\/uploads\\\/2022\\\/12\\\/Untitled-1.gif\",\"contentUrl\":\"https:\\\/\\\/delfos.shop\\\/wp-content\\\/uploads\\\/2022\\\/12\\\/Untitled-1.gif\",\"width\":1080,\"height\":1080,\"caption\":\"Delfos\"},\"image\":{\"@id\":\"https:\\\/\\\/delfos.shop\\\/#\\\/schema\\\/logo\\\/image\\\/\"},\"sameAs\":[\"https:\\\/\\\/www.instagram.com\\\/__delfos__\\\/\"]}]}<\/script>\n<!-- \/ Yoast SEO plugin. -->","yoast_head_json":{"title":"Retapiz\u00e1 tu sill\u00f3n con Delfos - Delfos","robots":{"index":"index","follow":"follow","max-snippet":"max-snippet:-1","max-image-preview":"max-image-preview:large","max-video-preview":"max-video-preview:-1"},"canonical":"https:\/\/delfos.shop\/en\/product\/customdelfos\/","og_locale":"en_US","og_type":"article","og_title":"Retapiz\u00e1 tu sill\u00f3n con Delfos - Delfos","og_description":"Trabajamos en conjunto con un retapizador y podemos darle otra life a tu sill\u00f3n o el mueble que quieras. MADE TO ORDER. Mand\u00e1nos medidas &amp; fotos y nosotros te lo [&hellip;]","og_url":"https:\/\/delfos.shop\/en\/product\/customdelfos\/","og_site_name":"Delfos","article_publisher":"https:\/\/www.instagram.com\/__delfos__\/","article_modified_time":"2025-11-14T10:54:05+00:00","og_image":[{"width":1708,"height":2560,"url":"https:\/\/delfos.shop\/wp-content\/uploads\/2024\/09\/ret-scaled.jpg","type":"image\/jpeg"}],"twitter_card":"summary_large_image","twitter_misc":{"Est. reading time":"1 minute"},"schema":{"@context":"https:\/\/schema.org","@graph":[{"@type":"WebPage","@id":"https:\/\/delfos.shop\/product\/customdelfos\/","url":"https:\/\/delfos.shop\/product\/customdelfos\/","name":"Retapiz\u00e1 tu sill\u00f3n con Delfos - Delfos","isPartOf":{"@id":"https:\/\/delfos.shop\/#website"},"primaryImageOfPage":{"@id":"https:\/\/delfos.shop\/product\/customdelfos\/#primaryimage"},"image":{"@id":"https:\/\/delfos.shop\/product\/customdelfos\/#primaryimage"},"thumbnailUrl":"https:\/\/delfos.shop\/wp-content\/uploads\/2024\/09\/ret-scaled.jpg","datePublished":"2024-09-16T22:44:50+00:00","dateModified":"2025-11-14T10:54:05+00:00","breadcrumb":{"@id":"https:\/\/delfos.shop\/product\/customdelfos\/#breadcrumb"},"inLanguage":"en-US","potentialAction":[{"@type":"ReadAction","target":["https:\/\/delfos.shop\/product\/customdelfos\/"]}]},{"@type":"ImageObject","inLanguage":"en-US","@id":"https:\/\/delfos.shop\/product\/customdelfos\/#primaryimage","url":"https:\/\/delfos.shop\/wp-content\/uploads\/2024\/09\/ret-scaled.jpg","contentUrl":"https:\/\/delfos.shop\/wp-content\/uploads\/2024\/09\/ret-scaled.jpg","width":1708,"height":2560},{"@type":"BreadcrumbList","@id":"https:\/\/delfos.shop\/product\/customdelfos\/#breadcrumb","itemListElement":[{"@type":"ListItem","position":1,"name":"Home","item":"https:\/\/delfos.shop\/"},{"@type":"ListItem","position":2,"name":"Shop","item":"https:\/\/delfos.shop\/shop\/"},{"@type":"ListItem","position":3,"name":"Retapiz\u00e1 tu sill\u00f3n con Delfos"}]},{"@type":"WebSite","@id":"https:\/\/delfos.shop\/#website","url":"https:\/\/delfos.shop\/","name":"Delfos","description":"","publisher":{"@id":"https:\/\/delfos.shop\/#organization"},"potentialAction":[{"@type":"SearchAction","target":{"@type":"EntryPoint","urlTemplate":"https:\/\/delfos.shop\/?s={search_term_string}"},"query-input":{"@type":"PropertyValueSpecification","valueRequired":true,"valueName":"search_term_string"}}],"inLanguage":"en-US"},{"@type":"Organization","@id":"https:\/\/delfos.shop\/#organization","name":"Delfos","url":"https:\/\/delfos.shop\/","logo":{"@type":"ImageObject","inLanguage":"en-US","@id":"https:\/\/delfos.shop\/#\/schema\/logo\/image\/","url":"https:\/\/delfos.shop\/wp-content\/uploads\/2022\/12\/Untitled-1.gif","contentUrl":"https:\/\/delfos.shop\/wp-content\/uploads\/2022\/12\/Untitled-1.gif","width":1080,"height":1080,"caption":"Delfos"},"image":{"@id":"https:\/\/delfos.shop\/#\/schema\/logo\/image\/"},"sameAs":["https:\/\/www.instagram.com\/__delfos__\/"]}]}},"_links":{"self":[{"href":"https:\/\/delfos.shop\/en\/wp-json\/wp\/v2\/product\/9534","targetHints":{"allow":["GET"]}}],"collection":[{"href":"https:\/\/delfos.shop\/en\/wp-json\/wp\/v2\/product"}],"about":[{"href":"https:\/\/delfos.shop\/en\/wp-json\/wp\/v2\/types\/product"}],"version-history":[{"count":1,"href":"https:\/\/delfos.shop\/en\/wp-json\/wp\/v2\/product\/9534\/revisions"}],"predecessor-version":[{"id":9538,"href":"https:\/\/delfos.shop\/en\/wp-json\/wp\/v2\/product\/9534\/revisions\/9538"}],"wp:featuredmedia":[{"embeddable":true,"href":"https:\/\/delfos.shop\/en\/wp-json\/wp\/v2\/media\/9774"}],"wp:attachment":[{"href":"https:\/\/delfos.shop\/en\/wp-json\/wp\/v2\/media?parent=9534"}],"wp:term":[{"taxonomy":"product_brand","embeddable":true,"href":"https:\/\/delfos.shop\/en\/wp-json\/wp\/v2\/product_brand?post=9534"},{"taxonomy":"product_cat","embeddable":true,"href":"https:\/\/delfos.shop\/en\/wp-json\/wp\/v2\/product_cat?post=9534"},{"taxonomy":"product_tag","embeddable":true,"href":"https:\/\/delfos.shop\/en\/wp-json\/wp\/v2\/product_tag?post=9534"}],"curies":[{"name":"wp","href":"https:\/\/api.w.org\/{rel}","templated":true}]}}