{"id":14798,"date":"2026-04-16T22:00:08","date_gmt":"2026-04-17T01:00:08","guid":{"rendered":"https:\/\/delfos.shop\/?post_type=product&#038;p=14798"},"modified":"2026-04-18T17:42:07","modified_gmt":"2026-04-18T20:42:07","slug":"furia-biker-jacket","status":"publish","type":"product","link":"https:\/\/delfos.shop\/en\/product\/furia-biker-jacket\/","title":{"rendered":"Furia Biker Jacket"},"content":{"rendered":"<p>Estampa de leopardo y chakanas.\u00a0 Fusi\u00f3n absoluta entre la energ\u00eda del animal print y la geometr\u00eda sagrada de la chakana.<\/p>\n<p>Biker entallada con spandex.<\/p>\n<p>Denim 98% Algod\u00f3n\u00a0 \/ 2% Elastano.<\/p>\n<p>La ubicaci\u00f3n de la estampa puede variar en cada producto<\/p>","protected":false},"excerpt":{"rendered":"<p>Estampa de leopardo y chakanas.\u00a0 Fusi\u00f3n absoluta entre la energ\u00eda del animal print y la geometr\u00eda sagrada de la chakana. Biker entallada con spandex. Denim 98% Algod\u00f3n\u00a0 \/ 2% Elastano. [&hellip;]<\/p>\n","protected":false},"featured_media":14595,"template":"","meta":{"_acf_changed":false},"product_brand":[],"product_cat":[117],"product_tag":[],"class_list":{"0":"post-14798","1":"product","2":"type-product","3":"status-publish","4":"has-post-thumbnail","6":"product_cat-origen-aw26","8":"first","9":"instock","10":"shipping-taxable","11":"purchasable","12":"product-type-variable"},"acf":[],"yoast_head":"<!-- This site is optimized with the Yoast SEO plugin v27.4 - https:\/\/yoast.com\/product\/yoast-seo-wordpress\/ -->\n<title>Furia Biker Jacket - Delfos<\/title>\n<meta name=\"description\" content=\"Biker entallada con estampa exclusiva de Animal Print y Chakanas. Confeccionada en denim con spandex para un calce perfecto. Delfos Origen AW26\" \/>\n<meta name=\"robots\" content=\"index, follow, max-snippet:-1, max-image-preview:large, max-video-preview:-1\" \/>\n<link rel=\"canonical\" href=\"https:\/\/delfos.shop\/en\/product\/furia-biker-jacket\/\" \/>\n<meta property=\"og:locale\" content=\"en_US\" \/>\n<meta property=\"og:type\" content=\"article\" \/>\n<meta property=\"og:title\" content=\"Furia Biker Jacket - Delfos\" \/>\n<meta property=\"og:description\" content=\"Biker entallada con estampa exclusiva de Animal Print y Chakanas. Confeccionada en denim con spandex para un calce perfecto. Delfos Origen AW26\" \/>\n<meta property=\"og:url\" content=\"https:\/\/delfos.shop\/en\/product\/furia-biker-jacket\/\" \/>\n<meta property=\"og:site_name\" content=\"Delfos\" \/>\n<meta property=\"article:publisher\" content=\"https:\/\/www.instagram.com\/__delfos__\/\" \/>\n<meta property=\"article:modified_time\" content=\"2026-04-18T20:42:07+00:00\" \/>\n<meta property=\"og:image\" content=\"https:\/\/delfos.shop\/wp-content\/uploads\/2026\/04\/Delfos-26_26-copia.jpg\" \/>\n\t<meta property=\"og:image:width\" content=\"1200\" \/>\n\t<meta property=\"og:image:height\" content=\"1800\" \/>\n\t<meta property=\"og:image:type\" content=\"image\/jpeg\" \/>\n<meta name=\"twitter:card\" content=\"summary_large_image\" \/>\n<meta name=\"twitter:label1\" content=\"Est. reading time\" \/>\n\t<meta name=\"twitter:data1\" content=\"1 minute\" \/>\n<script type=\"application\/ld+json\" class=\"yoast-schema-graph\">{\"@context\":\"https:\\\/\\\/schema.org\",\"@graph\":[{\"@type\":\"WebPage\",\"@id\":\"https:\\\/\\\/delfos.shop\\\/product\\\/furia-biker-jacket\\\/\",\"url\":\"https:\\\/\\\/delfos.shop\\\/product\\\/furia-biker-jacket\\\/\",\"name\":\"Furia Biker Jacket - Delfos\",\"isPartOf\":{\"@id\":\"https:\\\/\\\/delfos.shop\\\/#website\"},\"primaryImageOfPage\":{\"@id\":\"https:\\\/\\\/delfos.shop\\\/product\\\/furia-biker-jacket\\\/#primaryimage\"},\"image\":{\"@id\":\"https:\\\/\\\/delfos.shop\\\/product\\\/furia-biker-jacket\\\/#primaryimage\"},\"thumbnailUrl\":\"https:\\\/\\\/delfos.shop\\\/wp-content\\\/uploads\\\/2026\\\/04\\\/Delfos-26_26-copia.jpg\",\"datePublished\":\"2026-04-17T01:00:08+00:00\",\"dateModified\":\"2026-04-18T20:42:07+00:00\",\"description\":\"Biker entallada con estampa exclusiva de Animal Print y Chakanas. Confeccionada en denim con spandex para un calce perfecto. Delfos Origen AW26\",\"breadcrumb\":{\"@id\":\"https:\\\/\\\/delfos.shop\\\/product\\\/furia-biker-jacket\\\/#breadcrumb\"},\"inLanguage\":\"en-US\",\"potentialAction\":[{\"@type\":\"ReadAction\",\"target\":[\"https:\\\/\\\/delfos.shop\\\/product\\\/furia-biker-jacket\\\/\"]}]},{\"@type\":\"ImageObject\",\"inLanguage\":\"en-US\",\"@id\":\"https:\\\/\\\/delfos.shop\\\/product\\\/furia-biker-jacket\\\/#primaryimage\",\"url\":\"https:\\\/\\\/delfos.shop\\\/wp-content\\\/uploads\\\/2026\\\/04\\\/Delfos-26_26-copia.jpg\",\"contentUrl\":\"https:\\\/\\\/delfos.shop\\\/wp-content\\\/uploads\\\/2026\\\/04\\\/Delfos-26_26-copia.jpg\",\"width\":1200,\"height\":1800},{\"@type\":\"BreadcrumbList\",\"@id\":\"https:\\\/\\\/delfos.shop\\\/product\\\/furia-biker-jacket\\\/#breadcrumb\",\"itemListElement\":[{\"@type\":\"ListItem\",\"position\":1,\"name\":\"Home\",\"item\":\"https:\\\/\\\/delfos.shop\\\/\"},{\"@type\":\"ListItem\",\"position\":2,\"name\":\"Shop\",\"item\":\"https:\\\/\\\/delfos.shop\\\/shop\\\/\"},{\"@type\":\"ListItem\",\"position\":3,\"name\":\"Furia Biker Jacket\"}]},{\"@type\":\"WebSite\",\"@id\":\"https:\\\/\\\/delfos.shop\\\/#website\",\"url\":\"https:\\\/\\\/delfos.shop\\\/\",\"name\":\"Delfos\",\"description\":\"\",\"publisher\":{\"@id\":\"https:\\\/\\\/delfos.shop\\\/#organization\"},\"potentialAction\":[{\"@type\":\"SearchAction\",\"target\":{\"@type\":\"EntryPoint\",\"urlTemplate\":\"https:\\\/\\\/delfos.shop\\\/?s={search_term_string}\"},\"query-input\":{\"@type\":\"PropertyValueSpecification\",\"valueRequired\":true,\"valueName\":\"search_term_string\"}}],\"inLanguage\":\"en-US\"},{\"@type\":\"Organization\",\"@id\":\"https:\\\/\\\/delfos.shop\\\/#organization\",\"name\":\"Delfos\",\"url\":\"https:\\\/\\\/delfos.shop\\\/\",\"logo\":{\"@type\":\"ImageObject\",\"inLanguage\":\"en-US\",\"@id\":\"https:\\\/\\\/delfos.shop\\\/#\\\/schema\\\/logo\\\/image\\\/\",\"url\":\"https:\\\/\\\/delfos.shop\\\/wp-content\\\/uploads\\\/2022\\\/12\\\/Untitled-1.gif\",\"contentUrl\":\"https:\\\/\\\/delfos.shop\\\/wp-content\\\/uploads\\\/2022\\\/12\\\/Untitled-1.gif\",\"width\":1080,\"height\":1080,\"caption\":\"Delfos\"},\"image\":{\"@id\":\"https:\\\/\\\/delfos.shop\\\/#\\\/schema\\\/logo\\\/image\\\/\"},\"sameAs\":[\"https:\\\/\\\/www.instagram.com\\\/__delfos__\\\/\"]}]}<\/script>\n<!-- \/ Yoast SEO plugin. -->","yoast_head_json":{"title":"Furia Biker Jacket - Delfos","description":"Biker entallada con estampa exclusiva de Animal Print y Chakanas. Confeccionada en denim con spandex para un calce perfecto. Delfos Origen AW26","robots":{"index":"index","follow":"follow","max-snippet":"max-snippet:-1","max-image-preview":"max-image-preview:large","max-video-preview":"max-video-preview:-1"},"canonical":"https:\/\/delfos.shop\/en\/product\/furia-biker-jacket\/","og_locale":"en_US","og_type":"article","og_title":"Furia Biker Jacket - Delfos","og_description":"Biker entallada con estampa exclusiva de Animal Print y Chakanas. Confeccionada en denim con spandex para un calce perfecto. Delfos Origen AW26","og_url":"https:\/\/delfos.shop\/en\/product\/furia-biker-jacket\/","og_site_name":"Delfos","article_publisher":"https:\/\/www.instagram.com\/__delfos__\/","article_modified_time":"2026-04-18T20:42:07+00:00","og_image":[{"width":1200,"height":1800,"url":"https:\/\/delfos.shop\/wp-content\/uploads\/2026\/04\/Delfos-26_26-copia.jpg","type":"image\/jpeg"}],"twitter_card":"summary_large_image","twitter_misc":{"Est. reading time":"1 minute"},"schema":{"@context":"https:\/\/schema.org","@graph":[{"@type":"WebPage","@id":"https:\/\/delfos.shop\/product\/furia-biker-jacket\/","url":"https:\/\/delfos.shop\/product\/furia-biker-jacket\/","name":"Furia Biker Jacket - Delfos","isPartOf":{"@id":"https:\/\/delfos.shop\/#website"},"primaryImageOfPage":{"@id":"https:\/\/delfos.shop\/product\/furia-biker-jacket\/#primaryimage"},"image":{"@id":"https:\/\/delfos.shop\/product\/furia-biker-jacket\/#primaryimage"},"thumbnailUrl":"https:\/\/delfos.shop\/wp-content\/uploads\/2026\/04\/Delfos-26_26-copia.jpg","datePublished":"2026-04-17T01:00:08+00:00","dateModified":"2026-04-18T20:42:07+00:00","description":"Biker entallada con estampa exclusiva de Animal Print y Chakanas. Confeccionada en denim con spandex para un calce perfecto. Delfos Origen AW26","breadcrumb":{"@id":"https:\/\/delfos.shop\/product\/furia-biker-jacket\/#breadcrumb"},"inLanguage":"en-US","potentialAction":[{"@type":"ReadAction","target":["https:\/\/delfos.shop\/product\/furia-biker-jacket\/"]}]},{"@type":"ImageObject","inLanguage":"en-US","@id":"https:\/\/delfos.shop\/product\/furia-biker-jacket\/#primaryimage","url":"https:\/\/delfos.shop\/wp-content\/uploads\/2026\/04\/Delfos-26_26-copia.jpg","contentUrl":"https:\/\/delfos.shop\/wp-content\/uploads\/2026\/04\/Delfos-26_26-copia.jpg","width":1200,"height":1800},{"@type":"BreadcrumbList","@id":"https:\/\/delfos.shop\/product\/furia-biker-jacket\/#breadcrumb","itemListElement":[{"@type":"ListItem","position":1,"name":"Home","item":"https:\/\/delfos.shop\/"},{"@type":"ListItem","position":2,"name":"Shop","item":"https:\/\/delfos.shop\/shop\/"},{"@type":"ListItem","position":3,"name":"Furia Biker Jacket"}]},{"@type":"WebSite","@id":"https:\/\/delfos.shop\/#website","url":"https:\/\/delfos.shop\/","name":"Delfos","description":"","publisher":{"@id":"https:\/\/delfos.shop\/#organization"},"potentialAction":[{"@type":"SearchAction","target":{"@type":"EntryPoint","urlTemplate":"https:\/\/delfos.shop\/?s={search_term_string}"},"query-input":{"@type":"PropertyValueSpecification","valueRequired":true,"valueName":"search_term_string"}}],"inLanguage":"en-US"},{"@type":"Organization","@id":"https:\/\/delfos.shop\/#organization","name":"Delfos","url":"https:\/\/delfos.shop\/","logo":{"@type":"ImageObject","inLanguage":"en-US","@id":"https:\/\/delfos.shop\/#\/schema\/logo\/image\/","url":"https:\/\/delfos.shop\/wp-content\/uploads\/2022\/12\/Untitled-1.gif","contentUrl":"https:\/\/delfos.shop\/wp-content\/uploads\/2022\/12\/Untitled-1.gif","width":1080,"height":1080,"caption":"Delfos"},"image":{"@id":"https:\/\/delfos.shop\/#\/schema\/logo\/image\/"},"sameAs":["https:\/\/www.instagram.com\/__delfos__\/"]}]}},"_links":{"self":[{"href":"https:\/\/delfos.shop\/en\/wp-json\/wp\/v2\/product\/14798","targetHints":{"allow":["GET"]}}],"collection":[{"href":"https:\/\/delfos.shop\/en\/wp-json\/wp\/v2\/product"}],"about":[{"href":"https:\/\/delfos.shop\/en\/wp-json\/wp\/v2\/types\/product"}],"version-history":[{"count":4,"href":"https:\/\/delfos.shop\/en\/wp-json\/wp\/v2\/product\/14798\/revisions"}],"predecessor-version":[{"id":15052,"href":"https:\/\/delfos.shop\/en\/wp-json\/wp\/v2\/product\/14798\/revisions\/15052"}],"wp:featuredmedia":[{"embeddable":true,"href":"https:\/\/delfos.shop\/en\/wp-json\/wp\/v2\/media\/14595"}],"wp:attachment":[{"href":"https:\/\/delfos.shop\/en\/wp-json\/wp\/v2\/media?parent=14798"}],"wp:term":[{"taxonomy":"product_brand","embeddable":true,"href":"https:\/\/delfos.shop\/en\/wp-json\/wp\/v2\/product_brand?post=14798"},{"taxonomy":"product_cat","embeddable":true,"href":"https:\/\/delfos.shop\/en\/wp-json\/wp\/v2\/product_cat?post=14798"},{"taxonomy":"product_tag","embeddable":true,"href":"https:\/\/delfos.shop\/en\/wp-json\/wp\/v2\/product_tag?post=14798"}],"curies":[{"name":"wp","href":"https:\/\/api.w.org\/{rel}","templated":true}]}}