{"id":760,"date":"2022-12-05T19:08:33","date_gmt":"2022-12-05T19:08:33","guid":{"rendered":"https:\/\/delfos.shop\/?page_id=760"},"modified":"2025-12-09T12:46:42","modified_gmt":"2025-12-09T15:46:42","slug":"shipping","status":"publish","type":"page","link":"https:\/\/delfos.shop\/en\/shipping\/","title":{"rendered":"Shipping"},"content":{"rendered":"<div data-elementor-type=\"wp-page\" data-elementor-id=\"760\" class=\"elementor elementor-760\" data-elementor-post-type=\"page\">\n\t\t\t\t\t\t<section class=\"elementor-section elementor-top-section elementor-element elementor-element-f26c9eb elementor-section-boxed elementor-section-height-default elementor-section-height-default\" data-id=\"f26c9eb\" data-element_type=\"section\" data-e-type=\"section\">\n\t\t\t\t\t\t<div class=\"elementor-container elementor-column-gap-default\">\n\t\t\t\t\t<div class=\"elementor-column elementor-col-100 elementor-top-column elementor-element elementor-element-62ef093\" data-id=\"62ef093\" data-element_type=\"column\" data-e-type=\"column\">\n\t\t\t<div class=\"elementor-widget-wrap\">\n\t\t\t\t\t\t\t<\/div>\n\t\t<\/div>\n\t\t\t\t\t<\/div>\n\t\t<\/section>\n\t\t\t\t<section class=\"elementor-section elementor-top-section elementor-element elementor-element-f43515a elementor-section-boxed elementor-section-height-default elementor-section-height-default\" data-id=\"f43515a\" data-element_type=\"section\" data-e-type=\"section\">\n\t\t\t\t\t\t<div class=\"elementor-container elementor-column-gap-default\">\n\t\t\t\t\t<div class=\"elementor-column elementor-col-100 elementor-top-column elementor-element elementor-element-f003526\" data-id=\"f003526\" data-element_type=\"column\" data-e-type=\"column\">\n\t\t\t<div class=\"elementor-widget-wrap elementor-element-populated\">\n\t\t\t\t\t\t<div class=\"elementor-element elementor-element-178330d elementor-widget elementor-widget-text-editor\" data-id=\"178330d\" data-element_type=\"widget\" data-e-type=\"widget\" data-widget_type=\"text-editor.default\">\n\t\t\t\t<div class=\"elementor-widget-container\">\n\t\t\t\t\t\t\t\t\t<div class=\"page-enter\"><div class=\"SimpleContainer_padding__y3thf\"><div class=\"OttoPages_root__qzbqN\"><div class=\"OttoPages_main__Jqix1\"><div class=\"OttoPages_mainText__AYV42\"><h4>ENV\u00cdOS<\/h4><p>Realizamos env\u00edos expr\u00e9s a todo el mundo. Todos los paquetes se env\u00edan con n\u00famero de seguimiento, con una tarifa fija seg\u00fan el destino:<\/p><ul><li><strong>Argentina:<\/strong> USD 8 (tipo de cambio oficial) \u2013 <strong>CORREO ARGENTINO<\/strong><\/li><li><strong>Resto del mundo:<\/strong> USD 40 \u2013 <strong>DHL Express<\/strong><\/li><\/ul><p>Ofrecemos <strong>env\u00edo gratis en compras superiores a USD 700<\/strong>. El env\u00edo gratuito se aplicar\u00e1 autom\u00e1ticamente al finalizar la compra.<\/p><p><strong>TIEMPOS DE ENTREGA<\/strong><\/p><p>Por favor, consider\u00e1 hasta <strong>1 a 7 d\u00edas h\u00e1biles<\/strong> para procesar tu pedido. En fechas con promoci\u00f3n el env\u00edo puede demorase un poco m\u00e1s (hasta 15 d\u00edas).<\/p><p>Una vez que el paquete haya salido de nuestro dep\u00f3sito, los tiempos estimados de entrega son los siguientes:<\/p><ul><li><strong>Argentina:<\/strong> 2 a 5 d\u00edas h\u00e1biles<\/li><li><strong>Resto del mundo:<\/strong> 5 a 10 d\u00edas h\u00e1biles<\/li><\/ul><p>Estos tiempos son estimativos y no garantizados. Siempre intentaremos entregar tu pedido dentro de los plazos indicados, pero pueden surgir imprevistos externos que escapan a nuestro control.<\/p><p>Si cre\u00e9s que tu paquete est\u00e1 demorado, perdido o fue robado, escribinos a <strong>shop.delfos@gmail.com<\/strong> con toda la informaci\u00f3n posible para que podamos ayudarte.<\/p><p><strong>IMPUESTOS Y TASAS<\/strong><\/p><p>Los impuestos y tasas en Argentina est\u00e1n incluidos en el precio final.<br \/>Los impuestos en destino (fuera de Argentina) <strong>no est\u00e1n incluidos<\/strong>.<\/p><p>Si ten\u00e9s alguna pregunta, pod\u00e9s escribirnos a <strong>shop.delfos@gmail.com<\/strong><\/p><\/div><\/div><\/div><\/div><\/div>\t\t\t\t\t\t\t\t<\/div>\n\t\t\t\t<\/div>\n\t\t\t\t\t<\/div>\n\t\t<\/div>\n\t\t\t\t\t<\/div>\n\t\t<\/section>\n\t\t\t\t<\/div>","protected":false},"excerpt":{"rendered":"<p>ENV\u00cdOS Realizamos env\u00edos expr\u00e9s a todo el mundo. Todos los paquetes se env\u00edan con n\u00famero de seguimiento, con una tarifa fija seg\u00fan el destino: Argentina: USD 8 (tipo de cambio [&hellip;]<\/p>\n","protected":false},"author":50,"featured_media":0,"parent":0,"menu_order":0,"comment_status":"closed","ping_status":"closed","template":"","meta":{"_acf_changed":false,"footnotes":""},"class_list":["post-760","page","type-page","status-publish","hentry"],"acf":[],"yoast_head":"<!-- This site is optimized with the Yoast SEO plugin v27.4 - https:\/\/yoast.com\/product\/yoast-seo-wordpress\/ -->\n<title>Shipping - Delfos<\/title>\n<meta name=\"robots\" content=\"index, follow, max-snippet:-1, max-image-preview:large, max-video-preview:-1\" \/>\n<link rel=\"canonical\" href=\"https:\/\/delfos.shop\/en\/shipping\/\" \/>\n<meta property=\"og:locale\" content=\"en_US\" \/>\n<meta property=\"og:type\" content=\"article\" \/>\n<meta property=\"og:title\" content=\"Shipping - Delfos\" \/>\n<meta property=\"og:description\" content=\"ENV\u00cdOS Realizamos env\u00edos expr\u00e9s a todo el mundo. Todos los paquetes se env\u00edan con n\u00famero de seguimiento, con una tarifa fija seg\u00fan el destino: Argentina: USD 8 (tipo de cambio [&hellip;]\" \/>\n<meta property=\"og:url\" content=\"https:\/\/delfos.shop\/en\/shipping\/\" \/>\n<meta property=\"og:site_name\" content=\"Delfos\" \/>\n<meta property=\"article:publisher\" content=\"https:\/\/www.instagram.com\/__delfos__\/\" \/>\n<meta property=\"article:modified_time\" content=\"2025-12-09T15:46:42+00:00\" \/>\n<meta property=\"og:image\" content=\"https:\/\/delfos.shop\/wp-content\/uploads\/2025\/03\/cropped-GIF-1.gif\" \/>\n\t<meta property=\"og:image:width\" content=\"512\" \/>\n\t<meta property=\"og:image:height\" content=\"512\" \/>\n\t<meta property=\"og:image:type\" content=\"image\/gif\" \/>\n<meta name=\"twitter:card\" content=\"summary_large_image\" \/>\n<meta name=\"twitter:label1\" content=\"Est. reading time\" \/>\n\t<meta name=\"twitter:data1\" content=\"1 minute\" \/>\n<script type=\"application\/ld+json\" class=\"yoast-schema-graph\">{\"@context\":\"https:\\\/\\\/schema.org\",\"@graph\":[{\"@type\":\"WebPage\",\"@id\":\"https:\\\/\\\/delfos.shop\\\/shipping\\\/\",\"url\":\"https:\\\/\\\/delfos.shop\\\/shipping\\\/\",\"name\":\"Shipping - Delfos\",\"isPartOf\":{\"@id\":\"https:\\\/\\\/delfos.shop\\\/#website\"},\"datePublished\":\"2022-12-05T19:08:33+00:00\",\"dateModified\":\"2025-12-09T15:46:42+00:00\",\"breadcrumb\":{\"@id\":\"https:\\\/\\\/delfos.shop\\\/shipping\\\/#breadcrumb\"},\"inLanguage\":\"en-US\",\"potentialAction\":[{\"@type\":\"ReadAction\",\"target\":[\"https:\\\/\\\/delfos.shop\\\/shipping\\\/\"]}]},{\"@type\":\"BreadcrumbList\",\"@id\":\"https:\\\/\\\/delfos.shop\\\/shipping\\\/#breadcrumb\",\"itemListElement\":[{\"@type\":\"ListItem\",\"position\":1,\"name\":\"Home\",\"item\":\"https:\\\/\\\/delfos.shop\\\/\"},{\"@type\":\"ListItem\",\"position\":2,\"name\":\"Shipping\"}]},{\"@type\":\"WebSite\",\"@id\":\"https:\\\/\\\/delfos.shop\\\/#website\",\"url\":\"https:\\\/\\\/delfos.shop\\\/\",\"name\":\"Delfos\",\"description\":\"\",\"publisher\":{\"@id\":\"https:\\\/\\\/delfos.shop\\\/#organization\"},\"potentialAction\":[{\"@type\":\"SearchAction\",\"target\":{\"@type\":\"EntryPoint\",\"urlTemplate\":\"https:\\\/\\\/delfos.shop\\\/?s={search_term_string}\"},\"query-input\":{\"@type\":\"PropertyValueSpecification\",\"valueRequired\":true,\"valueName\":\"search_term_string\"}}],\"inLanguage\":\"en-US\"},{\"@type\":\"Organization\",\"@id\":\"https:\\\/\\\/delfos.shop\\\/#organization\",\"name\":\"Delfos\",\"url\":\"https:\\\/\\\/delfos.shop\\\/\",\"logo\":{\"@type\":\"ImageObject\",\"inLanguage\":\"en-US\",\"@id\":\"https:\\\/\\\/delfos.shop\\\/#\\\/schema\\\/logo\\\/image\\\/\",\"url\":\"https:\\\/\\\/delfos.shop\\\/wp-content\\\/uploads\\\/2022\\\/12\\\/Untitled-1.gif\",\"contentUrl\":\"https:\\\/\\\/delfos.shop\\\/wp-content\\\/uploads\\\/2022\\\/12\\\/Untitled-1.gif\",\"width\":1080,\"height\":1080,\"caption\":\"Delfos\"},\"image\":{\"@id\":\"https:\\\/\\\/delfos.shop\\\/#\\\/schema\\\/logo\\\/image\\\/\"},\"sameAs\":[\"https:\\\/\\\/www.instagram.com\\\/__delfos__\\\/\"]}]}<\/script>\n<!-- \/ Yoast SEO plugin. -->","yoast_head_json":{"title":"Shipping - Delfos","robots":{"index":"index","follow":"follow","max-snippet":"max-snippet:-1","max-image-preview":"max-image-preview:large","max-video-preview":"max-video-preview:-1"},"canonical":"https:\/\/delfos.shop\/en\/shipping\/","og_locale":"en_US","og_type":"article","og_title":"Shipping - Delfos","og_description":"ENV\u00cdOS Realizamos env\u00edos expr\u00e9s a todo el mundo. Todos los paquetes se env\u00edan con n\u00famero de seguimiento, con una tarifa fija seg\u00fan el destino: Argentina: USD 8 (tipo de cambio [&hellip;]","og_url":"https:\/\/delfos.shop\/en\/shipping\/","og_site_name":"Delfos","article_publisher":"https:\/\/www.instagram.com\/__delfos__\/","article_modified_time":"2025-12-09T15:46:42+00:00","og_image":[{"width":512,"height":512,"url":"https:\/\/delfos.shop\/wp-content\/uploads\/2025\/03\/cropped-GIF-1.gif","type":"image\/gif"}],"twitter_card":"summary_large_image","twitter_misc":{"Est. reading time":"1 minute"},"schema":{"@context":"https:\/\/schema.org","@graph":[{"@type":"WebPage","@id":"https:\/\/delfos.shop\/shipping\/","url":"https:\/\/delfos.shop\/shipping\/","name":"Shipping - Delfos","isPartOf":{"@id":"https:\/\/delfos.shop\/#website"},"datePublished":"2022-12-05T19:08:33+00:00","dateModified":"2025-12-09T15:46:42+00:00","breadcrumb":{"@id":"https:\/\/delfos.shop\/shipping\/#breadcrumb"},"inLanguage":"en-US","potentialAction":[{"@type":"ReadAction","target":["https:\/\/delfos.shop\/shipping\/"]}]},{"@type":"BreadcrumbList","@id":"https:\/\/delfos.shop\/shipping\/#breadcrumb","itemListElement":[{"@type":"ListItem","position":1,"name":"Home","item":"https:\/\/delfos.shop\/"},{"@type":"ListItem","position":2,"name":"Shipping"}]},{"@type":"WebSite","@id":"https:\/\/delfos.shop\/#website","url":"https:\/\/delfos.shop\/","name":"Delfos","description":"","publisher":{"@id":"https:\/\/delfos.shop\/#organization"},"potentialAction":[{"@type":"SearchAction","target":{"@type":"EntryPoint","urlTemplate":"https:\/\/delfos.shop\/?s={search_term_string}"},"query-input":{"@type":"PropertyValueSpecification","valueRequired":true,"valueName":"search_term_string"}}],"inLanguage":"en-US"},{"@type":"Organization","@id":"https:\/\/delfos.shop\/#organization","name":"Delfos","url":"https:\/\/delfos.shop\/","logo":{"@type":"ImageObject","inLanguage":"en-US","@id":"https:\/\/delfos.shop\/#\/schema\/logo\/image\/","url":"https:\/\/delfos.shop\/wp-content\/uploads\/2022\/12\/Untitled-1.gif","contentUrl":"https:\/\/delfos.shop\/wp-content\/uploads\/2022\/12\/Untitled-1.gif","width":1080,"height":1080,"caption":"Delfos"},"image":{"@id":"https:\/\/delfos.shop\/#\/schema\/logo\/image\/"},"sameAs":["https:\/\/www.instagram.com\/__delfos__\/"]}]}},"_links":{"self":[{"href":"https:\/\/delfos.shop\/en\/wp-json\/wp\/v2\/pages\/760","targetHints":{"allow":["GET"]}}],"collection":[{"href":"https:\/\/delfos.shop\/en\/wp-json\/wp\/v2\/pages"}],"about":[{"href":"https:\/\/delfos.shop\/en\/wp-json\/wp\/v2\/types\/page"}],"author":[{"embeddable":true,"href":"https:\/\/delfos.shop\/en\/wp-json\/wp\/v2\/users\/50"}],"replies":[{"embeddable":true,"href":"https:\/\/delfos.shop\/en\/wp-json\/wp\/v2\/comments?post=760"}],"version-history":[{"count":25,"href":"https:\/\/delfos.shop\/en\/wp-json\/wp\/v2\/pages\/760\/revisions"}],"predecessor-version":[{"id":13896,"href":"https:\/\/delfos.shop\/en\/wp-json\/wp\/v2\/pages\/760\/revisions\/13896"}],"wp:attachment":[{"href":"https:\/\/delfos.shop\/en\/wp-json\/wp\/v2\/media?parent=760"}],"curies":[{"name":"wp","href":"https:\/\/api.w.org\/{rel}","templated":true}]}}