{"id":6980,"date":"2024-04-08T15:59:07","date_gmt":"2024-04-08T15:59:07","guid":{"rendered":"https:\/\/delfos.shop\/?page_id=6980"},"modified":"2025-05-07T22:20:11","modified_gmt":"2025-05-07T22:20:11","slug":"about-delfos-jeans","status":"publish","type":"page","link":"https:\/\/delfos.shop\/en\/about-delfos-jeans\/","title":{"rendered":"SOBRE DELFOS jeans"},"content":{"rendered":"<div data-elementor-type=\"wp-page\" data-elementor-id=\"6980\" class=\"elementor elementor-6980\" data-elementor-post-type=\"page\">\n\t\t\t\t\t\t<section class=\"elementor-section elementor-top-section elementor-element elementor-element-12602977 elementor-section-full_width elementor-section-stretched elementor-section-height-default elementor-section-height-default\" data-id=\"12602977\" data-element_type=\"section\" data-e-type=\"section\" data-settings=\"{&quot;stretch_section&quot;:&quot;section-stretched&quot;}\">\n\t\t\t\t\t\t<div class=\"elementor-container elementor-column-gap-default\">\n\t\t\t\t\t<div class=\"elementor-column elementor-col-100 elementor-top-column elementor-element elementor-element-2fb582d9\" data-id=\"2fb582d9\" data-element_type=\"column\" data-e-type=\"column\">\n\t\t\t<div class=\"elementor-widget-wrap elementor-element-populated\">\n\t\t\t\t\t\t<div class=\"elementor-element elementor-element-357e7aa elementor-widget elementor-widget-spacer\" data-id=\"357e7aa\" data-element_type=\"widget\" data-e-type=\"widget\" data-widget_type=\"spacer.default\">\n\t\t\t\t<div class=\"elementor-widget-container\">\n\t\t\t\t\t\t\t<div class=\"elementor-spacer\">\n\t\t\t<div class=\"elementor-spacer-inner\"><\/div>\n\t\t<\/div>\n\t\t\t\t\t\t<\/div>\n\t\t\t\t<\/div>\n\t\t\t\t\t<\/div>\n\t\t<\/div>\n\t\t\t\t\t<\/div>\n\t\t<\/section>\n\t\t\t\t<section class=\"elementor-section elementor-top-section elementor-element elementor-element-5969904d elementor-section-full_width elementor-section-content-middle elementor-section-height-default elementor-section-height-default\" data-id=\"5969904d\" data-element_type=\"section\" data-e-type=\"section\">\n\t\t\t\t\t\t<div class=\"elementor-container elementor-column-gap-default\">\n\t\t\t\t\t<div class=\"elementor-column elementor-col-50 elementor-top-column elementor-element elementor-element-41b92c3d\" data-id=\"41b92c3d\" data-element_type=\"column\" data-e-type=\"column\">\n\t\t\t<div class=\"elementor-widget-wrap elementor-element-populated\">\n\t\t\t\t\t\t<div class=\"elementor-element elementor-element-0bec15b elementor-widget elementor-widget-heading\" data-id=\"0bec15b\" data-element_type=\"widget\" data-e-type=\"widget\" data-widget_type=\"heading.default\">\n\t\t\t\t<div class=\"elementor-widget-container\">\n\t\t\t\t\t<h2 class=\"elementor-heading-title elementor-size-default\">Delfos<\/h2>\t\t\t\t<\/div>\n\t\t\t\t<\/div>\n\t\t\t\t<div class=\"elementor-element elementor-element-1cfb518 elementor-widget elementor-widget-image\" data-id=\"1cfb518\" data-element_type=\"widget\" data-e-type=\"widget\" data-widget_type=\"image.default\">\n\t\t\t\t<div class=\"elementor-widget-container\">\n\t\t\t\t\t\t\t\t\t\t\t\t\t\t\t<img fetchpriority=\"high\" decoding=\"async\" width=\"856\" height=\"1024\" src=\"https:\/\/delfos.shop\/wp-content\/uploads\/2024\/04\/Captura-de-pantalla-2024-04-09-a-las-11.21.50-856x1024.png\" class=\"attachment-large size-large wp-image-7271\" alt=\"\" srcset=\"https:\/\/delfos.shop\/wp-content\/uploads\/2024\/04\/Captura-de-pantalla-2024-04-09-a-las-11.21.50-856x1024.png 856w, https:\/\/delfos.shop\/wp-content\/uploads\/2024\/04\/Captura-de-pantalla-2024-04-09-a-las-11.21.50-420x502.png 420w, https:\/\/delfos.shop\/wp-content\/uploads\/2024\/04\/Captura-de-pantalla-2024-04-09-a-las-11.21.50-811x970.png 811w, https:\/\/delfos.shop\/wp-content\/uploads\/2024\/04\/Captura-de-pantalla-2024-04-09-a-las-11.21.50-251x300.png 251w, https:\/\/delfos.shop\/wp-content\/uploads\/2024\/04\/Captura-de-pantalla-2024-04-09-a-las-11.21.50-768x918.png 768w, https:\/\/delfos.shop\/wp-content\/uploads\/2024\/04\/Captura-de-pantalla-2024-04-09-a-las-11.21.50-575x688.png 575w, https:\/\/delfos.shop\/wp-content\/uploads\/2024\/04\/Captura-de-pantalla-2024-04-09-a-las-11.21.50-380x454.png 380w, https:\/\/delfos.shop\/wp-content\/uploads\/2024\/04\/Captura-de-pantalla-2024-04-09-a-las-11.21.50.png 858w\" sizes=\"(max-width: 856px) 100vw, 856px\" \/>\t\t\t\t\t\t\t\t\t\t\t\t\t\t\t<\/div>\n\t\t\t\t<\/div>\n\t\t\t\t\t<\/div>\n\t\t<\/div>\n\t\t\t\t<div class=\"elementor-column elementor-col-50 elementor-top-column elementor-element elementor-element-2a637d6e\" data-id=\"2a637d6e\" data-element_type=\"column\" data-e-type=\"column\">\n\t\t\t<div class=\"elementor-widget-wrap elementor-element-populated\">\n\t\t\t\t\t\t<div class=\"elementor-element elementor-element-a5fe93c elementor-widget elementor-widget-text-editor\" data-id=\"a5fe93c\" data-element_type=\"widget\" data-e-type=\"widget\" data-widget_type=\"text-editor.default\">\n\t\t\t\t<div class=\"elementor-widget-container\">\n\t\t\t\t\t\t\t\t\t<p><strong>Delfos<\/strong> es una marca de jeans hechos en Argentina que fusiona tradici\u00f3n y modernidad, fundada en 2022 por la dise\u00f1adora Delfina Pi\u00f1eiro. Con una herencia de cuatro generaciones en la industria del denim, Delfina aporta su visi\u00f3n innovadora, transformando el cl\u00e1sico jean en una prenda de dise\u00f1o coleccionable. Formada en la Universidad Polimoda de Salvatore Ferragamo en Italia, decidi\u00f3 reconvertir la tradici\u00f3n familiar para crear una marca sin l\u00edmites de espacio, edad ni g\u00e9nero.<\/p><p>Sus colecciones se destacan por dise\u00f1os \u00fanicos que experimentan con el color, las formas y las texturas, logrando piezas exclusivas que han vestido a artistas internacionales como Mar\u00eda Becerra, Nicki Nicole, Trueno, Catriel, Paco Amoroso, Jennie de Blackpink, Bad Gyal y Victoria de M\u00e5neskin. Con presencia global en ciudades como Los \u00c1ngeles, Shangh\u00e1i, Melbourne y pr\u00f3ximamente en M\u00e9xico, Delfos contin\u00faa redefiniendo el denim desde Argentina hacia el mundo.<\/p>\t\t\t\t\t\t\t\t<\/div>\n\t\t\t\t<\/div>\n\t\t\t\t\t<\/div>\n\t\t<\/div>\n\t\t\t\t\t<\/div>\n\t\t<\/section>\n\t\t\t\t<section class=\"elementor-section elementor-top-section elementor-element elementor-element-49f89ba1 elementor-section-boxed elementor-section-height-default elementor-section-height-default\" data-id=\"49f89ba1\" data-element_type=\"section\" data-e-type=\"section\">\n\t\t\t\t\t\t<div class=\"elementor-container elementor-column-gap-default\">\n\t\t\t\t\t<div class=\"elementor-column elementor-col-100 elementor-top-column elementor-element elementor-element-492b9c9\" data-id=\"492b9c9\" data-element_type=\"column\" data-e-type=\"column\">\n\t\t\t<div class=\"elementor-widget-wrap\">\n\t\t\t\t\t\t\t<\/div>\n\t\t<\/div>\n\t\t\t\t\t<\/div>\n\t\t<\/section>\n\t\t\t\t<section class=\"elementor-section elementor-top-section elementor-element elementor-element-1c3e0d89 elementor-section-boxed elementor-section-height-default elementor-section-height-default\" data-id=\"1c3e0d89\" data-element_type=\"section\" data-e-type=\"section\">\n\t\t\t\t\t\t<div class=\"elementor-container elementor-column-gap-default\">\n\t\t\t\t\t<div class=\"elementor-column elementor-col-100 elementor-top-column elementor-element elementor-element-4ee6d9a8\" data-id=\"4ee6d9a8\" data-element_type=\"column\" data-e-type=\"column\">\n\t\t\t<div class=\"elementor-widget-wrap\">\n\t\t\t\t\t\t\t<\/div>\n\t\t<\/div>\n\t\t\t\t\t<\/div>\n\t\t<\/section>\n\t\t\t\t<section class=\"elementor-section elementor-top-section elementor-element elementor-element-3478c323 elementor-section-height-min-height ignore-toc elementor-section-full_width elementor-section-height-default elementor-section-items-middle\" data-id=\"3478c323\" data-element_type=\"section\" data-e-type=\"section\" data-settings=\"{&quot;background_background&quot;:&quot;classic&quot;}\">\n\t\t\t\t\t\t<div class=\"elementor-container elementor-column-gap-default\">\n\t\t\t\t\t<div class=\"elementor-column elementor-col-50 elementor-top-column elementor-element elementor-element-ba063b1\" data-id=\"ba063b1\" data-element_type=\"column\" data-e-type=\"column\">\n\t\t\t<div class=\"elementor-widget-wrap elementor-element-populated\">\n\t\t\t\t\t\t\t<\/div>\n\t\t<\/div>\n\t\t\t\t<div class=\"elementor-column elementor-col-50 elementor-top-column elementor-element elementor-element-6eaa0ad9\" data-id=\"6eaa0ad9\" data-element_type=\"column\" data-e-type=\"column\">\n\t\t\t<div class=\"elementor-widget-wrap elementor-element-populated\">\n\t\t\t\t\t\t\t<\/div>\n\t\t<\/div>\n\t\t\t\t\t<\/div>\n\t\t<\/section>\n\t\t\t\t<section class=\"elementor-section elementor-top-section elementor-element elementor-element-1175e92e elementor-section-full_width elementor-section-stretched elementor-hidden-desktop elementor-hidden-tablet elementor-hidden-mobile elementor-section-height-default elementor-section-height-default\" data-id=\"1175e92e\" data-element_type=\"section\" data-e-type=\"section\" data-settings=\"{&quot;stretch_section&quot;:&quot;section-stretched&quot;}\">\n\t\t\t\t\t\t<div class=\"elementor-container elementor-column-gap-default\">\n\t\t\t\t\t<div class=\"elementor-column elementor-col-100 elementor-top-column elementor-element elementor-element-327b4717\" data-id=\"327b4717\" data-element_type=\"column\" data-e-type=\"column\">\n\t\t\t<div class=\"elementor-widget-wrap elementor-element-populated\">\n\t\t\t\t\t\t<div class=\"elementor-element elementor-element-dca7f2c elementor-widget-mobile__width-inherit elementor-hidden-desktop elementor--h-position-center elementor--v-position-middle elementor-widget elementor-widget-slides\" data-id=\"dca7f2c\" data-element_type=\"widget\" data-e-type=\"widget\" data-settings=\"{&quot;navigation&quot;:&quot;none&quot;,&quot;autoplay&quot;:&quot;yes&quot;,&quot;pause_on_hover&quot;:&quot;yes&quot;,&quot;pause_on_interaction&quot;:&quot;yes&quot;,&quot;autoplay_speed&quot;:5000,&quot;infinite&quot;:&quot;yes&quot;,&quot;transition&quot;:&quot;slide&quot;,&quot;transition_speed&quot;:500}\" data-widget_type=\"slides.default\">\n\t\t\t\t<div class=\"elementor-widget-container\">\n\t\t\t\t\t\t\t\t\t<div class=\"elementor-swiper\">\n\t\t\t\t\t<div class=\"elementor-slides-wrapper elementor-main-swiper swiper\" role=\"region\" aria-roledescription=\"carousel\" aria-label=\"Slides\" dir=\"ltr\" data-animation=\"fadeInUp\">\n\t\t\t\t<div class=\"swiper-wrapper elementor-slides\">\n\t\t\t\t\t\t\t\t\t\t<div class=\"elementor-repeater-item-1259ac3 swiper-slide\" role=\"group\" aria-roledescription=\"slide\"><div class=\"swiper-slide-bg\" role=\"img\" aria-label=\"joshua campaign\"><\/div><div class=\"swiper-slide-inner\" ><div class=\"swiper-slide-contents\"><\/div><\/div><\/div><div class=\"elementor-repeater-item-82505c1 swiper-slide\" role=\"group\" aria-roledescription=\"slide\"><div class=\"swiper-slide-bg\" role=\"img\" aria-label=\"36 copy\"><\/div><div class=\"swiper-slide-inner\" ><div class=\"swiper-slide-contents\"><\/div><\/div><\/div><div class=\"elementor-repeater-item-271e0c3 swiper-slide\" role=\"group\" aria-roledescription=\"slide\"><div class=\"swiper-slide-bg\" role=\"img\" aria-label=\"Bliss Collection\"><\/div><div class=\"swiper-slide-inner\" ><div class=\"swiper-slide-contents\"><\/div><\/div><\/div><div class=\"elementor-repeater-item-ebe6d1c swiper-slide\" role=\"group\" aria-roledescription=\"slide\"><div class=\"swiper-slide-bg\" role=\"img\" aria-label=\"41 copy\"><\/div><div class=\"swiper-slide-inner\" ><div class=\"swiper-slide-contents\"><\/div><\/div><\/div><div class=\"elementor-repeater-item-94926bb swiper-slide\" role=\"group\" aria-roledescription=\"slide\"><div class=\"swiper-slide-bg\" role=\"img\" aria-label=\"35 copy\"><\/div><div class=\"swiper-slide-inner\" ><div class=\"swiper-slide-contents\"><\/div><\/div><\/div>\t\t\t\t<\/div>\n\t\t\t\t\t\t\t\t\t\t\t\t\t\t\t\t\t\t\t\t\t<\/div>\n\t\t\t\t<\/div>\n\t\t\t\t\t\t\t\t<\/div>\n\t\t\t\t<\/div>\n\t\t\t\t\t<\/div>\n\t\t<\/div>\n\t\t\t\t\t<\/div>\n\t\t<\/section>\n\t\t\t\t<\/div>","protected":false},"excerpt":{"rendered":"<p>Delfos Delfos es una marca de jeans hechos en Argentina que fusiona tradici\u00f3n y modernidad, fundada en 2022 por la dise\u00f1adora Delfina Pi\u00f1eiro. Con una herencia de cuatro generaciones en [&hellip;]<\/p>\n","protected":false},"author":50,"featured_media":0,"parent":0,"menu_order":0,"comment_status":"closed","ping_status":"closed","template":"","meta":{"_acf_changed":false,"footnotes":""},"class_list":["post-6980","page","type-page","status-publish","hentry"],"acf":[],"yoast_head":"<!-- This site is optimized with the Yoast SEO plugin v27.3 - https:\/\/yoast.com\/product\/yoast-seo-wordpress\/ -->\n<title>SOBRE DELFOS jeans - Delfos<\/title>\n<meta name=\"description\" content=\"Descubr\u00ed DELFOS, una marca argentina de jeans creada por la dise\u00f1adora Delfina Pi\u00f1eiro, que se destaca por sus dise\u00f1os \u00fanicos y su experimentaci\u00f3n con el color, las formas y las texturas. Conoc\u00e9 la esencia de DELFOS y abraz\u00e1 la individualidad.\" \/>\n<meta name=\"robots\" content=\"index, follow, max-snippet:-1, max-image-preview:large, max-video-preview:-1\" \/>\n<link rel=\"canonical\" href=\"https:\/\/delfos.shop\/en\/about-delfos-jeans\/\" \/>\n<meta property=\"og:locale\" content=\"en_US\" \/>\n<meta property=\"og:type\" content=\"article\" \/>\n<meta property=\"og:title\" content=\"SOBRE DELFOS jeans - Delfos\" \/>\n<meta property=\"og:description\" content=\"Descubr\u00ed DELFOS, una marca argentina de jeans creada por la dise\u00f1adora Delfina Pi\u00f1eiro, que se destaca por sus dise\u00f1os \u00fanicos y su experimentaci\u00f3n con el color, las formas y las texturas. Conoc\u00e9 la esencia de DELFOS y abraz\u00e1 la individualidad.\" \/>\n<meta property=\"og:url\" content=\"https:\/\/delfos.shop\/en\/about-delfos-jeans\/\" \/>\n<meta property=\"og:site_name\" content=\"Delfos\" \/>\n<meta property=\"article:publisher\" content=\"https:\/\/www.instagram.com\/__delfos__\/\" \/>\n<meta property=\"article:modified_time\" content=\"2025-05-07T22:20:11+00:00\" \/>\n<meta property=\"og:image\" content=\"https:\/\/delfos.shop\/wp-content\/uploads\/2024\/04\/Captura-de-pantalla-2024-04-09-a-las-11.21.50-856x1024.png\" \/>\n<meta name=\"twitter:card\" content=\"summary_large_image\" \/>\n<meta name=\"twitter:label1\" content=\"Est. reading time\" \/>\n\t<meta name=\"twitter:data1\" content=\"1 minute\" \/>\n<script type=\"application\/ld+json\" class=\"yoast-schema-graph\">{\"@context\":\"https:\\\/\\\/schema.org\",\"@graph\":[{\"@type\":\"WebPage\",\"@id\":\"https:\\\/\\\/delfos.shop\\\/about-delfos-jeans\\\/\",\"url\":\"https:\\\/\\\/delfos.shop\\\/about-delfos-jeans\\\/\",\"name\":\"SOBRE DELFOS jeans - Delfos\",\"isPartOf\":{\"@id\":\"https:\\\/\\\/delfos.shop\\\/#website\"},\"primaryImageOfPage\":{\"@id\":\"https:\\\/\\\/delfos.shop\\\/about-delfos-jeans\\\/#primaryimage\"},\"image\":{\"@id\":\"https:\\\/\\\/delfos.shop\\\/about-delfos-jeans\\\/#primaryimage\"},\"thumbnailUrl\":\"https:\\\/\\\/delfos.shop\\\/wp-content\\\/uploads\\\/2024\\\/04\\\/Captura-de-pantalla-2024-04-09-a-las-11.21.50-856x1024.png\",\"datePublished\":\"2024-04-08T15:59:07+00:00\",\"dateModified\":\"2025-05-07T22:20:11+00:00\",\"description\":\"Descubr\u00ed DELFOS, una marca argentina de jeans creada por la dise\u00f1adora Delfina Pi\u00f1eiro, que se destaca por sus dise\u00f1os \u00fanicos y su experimentaci\u00f3n con el color, las formas y las texturas. Conoc\u00e9 la esencia de DELFOS y abraz\u00e1 la individualidad.\",\"breadcrumb\":{\"@id\":\"https:\\\/\\\/delfos.shop\\\/about-delfos-jeans\\\/#breadcrumb\"},\"inLanguage\":\"en-US\",\"potentialAction\":[{\"@type\":\"ReadAction\",\"target\":[\"https:\\\/\\\/delfos.shop\\\/about-delfos-jeans\\\/\"]}]},{\"@type\":\"ImageObject\",\"inLanguage\":\"en-US\",\"@id\":\"https:\\\/\\\/delfos.shop\\\/about-delfos-jeans\\\/#primaryimage\",\"url\":\"https:\\\/\\\/delfos.shop\\\/wp-content\\\/uploads\\\/2024\\\/04\\\/Captura-de-pantalla-2024-04-09-a-las-11.21.50-856x1024.png\",\"contentUrl\":\"https:\\\/\\\/delfos.shop\\\/wp-content\\\/uploads\\\/2024\\\/04\\\/Captura-de-pantalla-2024-04-09-a-las-11.21.50-856x1024.png\"},{\"@type\":\"BreadcrumbList\",\"@id\":\"https:\\\/\\\/delfos.shop\\\/about-delfos-jeans\\\/#breadcrumb\",\"itemListElement\":[{\"@type\":\"ListItem\",\"position\":1,\"name\":\"Home\",\"item\":\"https:\\\/\\\/delfos.shop\\\/\"},{\"@type\":\"ListItem\",\"position\":2,\"name\":\"SOBRE DELFOS jeans\"}]},{\"@type\":\"WebSite\",\"@id\":\"https:\\\/\\\/delfos.shop\\\/#website\",\"url\":\"https:\\\/\\\/delfos.shop\\\/\",\"name\":\"Delfos\",\"description\":\"\",\"publisher\":{\"@id\":\"https:\\\/\\\/delfos.shop\\\/#organization\"},\"potentialAction\":[{\"@type\":\"SearchAction\",\"target\":{\"@type\":\"EntryPoint\",\"urlTemplate\":\"https:\\\/\\\/delfos.shop\\\/?s={search_term_string}\"},\"query-input\":{\"@type\":\"PropertyValueSpecification\",\"valueRequired\":true,\"valueName\":\"search_term_string\"}}],\"inLanguage\":\"en-US\"},{\"@type\":\"Organization\",\"@id\":\"https:\\\/\\\/delfos.shop\\\/#organization\",\"name\":\"Delfos\",\"url\":\"https:\\\/\\\/delfos.shop\\\/\",\"logo\":{\"@type\":\"ImageObject\",\"inLanguage\":\"en-US\",\"@id\":\"https:\\\/\\\/delfos.shop\\\/#\\\/schema\\\/logo\\\/image\\\/\",\"url\":\"https:\\\/\\\/delfos.shop\\\/wp-content\\\/uploads\\\/2022\\\/12\\\/Untitled-1.gif\",\"contentUrl\":\"https:\\\/\\\/delfos.shop\\\/wp-content\\\/uploads\\\/2022\\\/12\\\/Untitled-1.gif\",\"width\":1080,\"height\":1080,\"caption\":\"Delfos\"},\"image\":{\"@id\":\"https:\\\/\\\/delfos.shop\\\/#\\\/schema\\\/logo\\\/image\\\/\"},\"sameAs\":[\"https:\\\/\\\/www.instagram.com\\\/__delfos__\\\/\"]}]}<\/script>\n<!-- \/ Yoast SEO plugin. -->","yoast_head_json":{"title":"SOBRE DELFOS jeans - Delfos","description":"Descubr\u00ed DELFOS, una marca argentina de jeans creada por la dise\u00f1adora Delfina Pi\u00f1eiro, que se destaca por sus dise\u00f1os \u00fanicos y su experimentaci\u00f3n con el color, las formas y las texturas. Conoc\u00e9 la esencia de DELFOS y abraz\u00e1 la individualidad.","robots":{"index":"index","follow":"follow","max-snippet":"max-snippet:-1","max-image-preview":"max-image-preview:large","max-video-preview":"max-video-preview:-1"},"canonical":"https:\/\/delfos.shop\/en\/about-delfos-jeans\/","og_locale":"en_US","og_type":"article","og_title":"SOBRE DELFOS jeans - Delfos","og_description":"Descubr\u00ed DELFOS, una marca argentina de jeans creada por la dise\u00f1adora Delfina Pi\u00f1eiro, que se destaca por sus dise\u00f1os \u00fanicos y su experimentaci\u00f3n con el color, las formas y las texturas. Conoc\u00e9 la esencia de DELFOS y abraz\u00e1 la individualidad.","og_url":"https:\/\/delfos.shop\/en\/about-delfos-jeans\/","og_site_name":"Delfos","article_publisher":"https:\/\/www.instagram.com\/__delfos__\/","article_modified_time":"2025-05-07T22:20:11+00:00","og_image":[{"url":"https:\/\/delfos.shop\/wp-content\/uploads\/2024\/04\/Captura-de-pantalla-2024-04-09-a-las-11.21.50-856x1024.png","type":"","width":"","height":""}],"twitter_card":"summary_large_image","twitter_misc":{"Est. reading time":"1 minute"},"schema":{"@context":"https:\/\/schema.org","@graph":[{"@type":"WebPage","@id":"https:\/\/delfos.shop\/about-delfos-jeans\/","url":"https:\/\/delfos.shop\/about-delfos-jeans\/","name":"SOBRE DELFOS jeans - Delfos","isPartOf":{"@id":"https:\/\/delfos.shop\/#website"},"primaryImageOfPage":{"@id":"https:\/\/delfos.shop\/about-delfos-jeans\/#primaryimage"},"image":{"@id":"https:\/\/delfos.shop\/about-delfos-jeans\/#primaryimage"},"thumbnailUrl":"https:\/\/delfos.shop\/wp-content\/uploads\/2024\/04\/Captura-de-pantalla-2024-04-09-a-las-11.21.50-856x1024.png","datePublished":"2024-04-08T15:59:07+00:00","dateModified":"2025-05-07T22:20:11+00:00","description":"Descubr\u00ed DELFOS, una marca argentina de jeans creada por la dise\u00f1adora Delfina Pi\u00f1eiro, que se destaca por sus dise\u00f1os \u00fanicos y su experimentaci\u00f3n con el color, las formas y las texturas. Conoc\u00e9 la esencia de DELFOS y abraz\u00e1 la individualidad.","breadcrumb":{"@id":"https:\/\/delfos.shop\/about-delfos-jeans\/#breadcrumb"},"inLanguage":"en-US","potentialAction":[{"@type":"ReadAction","target":["https:\/\/delfos.shop\/about-delfos-jeans\/"]}]},{"@type":"ImageObject","inLanguage":"en-US","@id":"https:\/\/delfos.shop\/about-delfos-jeans\/#primaryimage","url":"https:\/\/delfos.shop\/wp-content\/uploads\/2024\/04\/Captura-de-pantalla-2024-04-09-a-las-11.21.50-856x1024.png","contentUrl":"https:\/\/delfos.shop\/wp-content\/uploads\/2024\/04\/Captura-de-pantalla-2024-04-09-a-las-11.21.50-856x1024.png"},{"@type":"BreadcrumbList","@id":"https:\/\/delfos.shop\/about-delfos-jeans\/#breadcrumb","itemListElement":[{"@type":"ListItem","position":1,"name":"Home","item":"https:\/\/delfos.shop\/"},{"@type":"ListItem","position":2,"name":"SOBRE DELFOS jeans"}]},{"@type":"WebSite","@id":"https:\/\/delfos.shop\/#website","url":"https:\/\/delfos.shop\/","name":"Delfos","description":"","publisher":{"@id":"https:\/\/delfos.shop\/#organization"},"potentialAction":[{"@type":"SearchAction","target":{"@type":"EntryPoint","urlTemplate":"https:\/\/delfos.shop\/?s={search_term_string}"},"query-input":{"@type":"PropertyValueSpecification","valueRequired":true,"valueName":"search_term_string"}}],"inLanguage":"en-US"},{"@type":"Organization","@id":"https:\/\/delfos.shop\/#organization","name":"Delfos","url":"https:\/\/delfos.shop\/","logo":{"@type":"ImageObject","inLanguage":"en-US","@id":"https:\/\/delfos.shop\/#\/schema\/logo\/image\/","url":"https:\/\/delfos.shop\/wp-content\/uploads\/2022\/12\/Untitled-1.gif","contentUrl":"https:\/\/delfos.shop\/wp-content\/uploads\/2022\/12\/Untitled-1.gif","width":1080,"height":1080,"caption":"Delfos"},"image":{"@id":"https:\/\/delfos.shop\/#\/schema\/logo\/image\/"},"sameAs":["https:\/\/www.instagram.com\/__delfos__\/"]}]}},"_links":{"self":[{"href":"https:\/\/delfos.shop\/en\/wp-json\/wp\/v2\/pages\/6980","targetHints":{"allow":["GET"]}}],"collection":[{"href":"https:\/\/delfos.shop\/en\/wp-json\/wp\/v2\/pages"}],"about":[{"href":"https:\/\/delfos.shop\/en\/wp-json\/wp\/v2\/types\/page"}],"author":[{"embeddable":true,"href":"https:\/\/delfos.shop\/en\/wp-json\/wp\/v2\/users\/50"}],"replies":[{"embeddable":true,"href":"https:\/\/delfos.shop\/en\/wp-json\/wp\/v2\/comments?post=6980"}],"version-history":[{"count":25,"href":"https:\/\/delfos.shop\/en\/wp-json\/wp\/v2\/pages\/6980\/revisions"}],"predecessor-version":[{"id":11872,"href":"https:\/\/delfos.shop\/en\/wp-json\/wp\/v2\/pages\/6980\/revisions\/11872"}],"wp:attachment":[{"href":"https:\/\/delfos.shop\/en\/wp-json\/wp\/v2\/media?parent=6980"}],"curies":[{"name":"wp","href":"https:\/\/api.w.org\/{rel}","templated":true}]}}