{"id":14,"date":"2023-03-09T18:47:40","date_gmt":"2023-03-09T18:47:40","guid":{"rendered":"https:\/\/delfos.shop\/?page_id=14"},"modified":"2025-10-30T20:29:26","modified_gmt":"2025-10-30T20:29:26","slug":"refund_returns","status":"publish","type":"page","link":"https:\/\/delfos.shop\/en\/refund_returns\/","title":{"rendered":"Refund and Returns Policy"},"content":{"rendered":"<div data-elementor-type=\"wp-page\" data-elementor-id=\"14\" class=\"elementor elementor-14\" data-elementor-post-type=\"page\">\n\t\t\t\t\t\t<section class=\"elementor-section elementor-top-section elementor-element elementor-element-1fc3683c elementor-section-boxed elementor-section-height-default elementor-section-height-default\" data-id=\"1fc3683c\" data-element_type=\"section\" data-e-type=\"section\">\n\t\t\t\t\t\t<div class=\"elementor-container elementor-column-gap-default\">\n\t\t\t\t\t<div class=\"elementor-column elementor-col-100 elementor-top-column elementor-element elementor-element-67d03514\" data-id=\"67d03514\" data-element_type=\"column\" data-e-type=\"column\">\n\t\t\t<div class=\"elementor-widget-wrap elementor-element-populated\">\n\t\t\t\t\t\t<div class=\"elementor-element elementor-element-11ae23a0 elementor-widget elementor-widget-text-editor\" data-id=\"11ae23a0\" data-element_type=\"widget\" data-e-type=\"widget\" data-widget_type=\"text-editor.default\">\n\t\t\t\t<div class=\"elementor-widget-container\">\n\t\t\t\t\t\t\t\t\t\n<p>\u00a0<\/p>\n\n<h4>POL\u00cdTICA DE DEVOLUCI\u00d3N<\/h4>\n<p>La solicitud de devoluci\u00f3n debe realizarse dentro de los 15 d\u00edas posteriores a la entrega escribiendo a <strong>shop.delfos@gmail.com<\/strong>. En el correo, por favor inclu\u00ed tu nombre, n\u00famero de pedido y el\/los art\u00edculo(s) que quer\u00e9s devolver. Una vez que se haya iniciado la solicitud de devoluci\u00f3n, \u00a0el\/los art\u00edculo(s) que quer\u00e9s devolver. Una vez que se haya iniciado la solicitud de devoluci\u00f3n, el\/los art\u00edculo(s) deben enviarse de inmediato.<\/p>\n<p>Para que la devoluci\u00f3n sea aceptada, el\/los art\u00edculo(s) deben estar:<\/p>\n<p>\u2013 En su estado original: sin usar, sin lavar, sin modificaciones, sin da\u00f1os y sin se\u00f1ales de uso. Las prendas \u00edntimas no tienen devoluci\u00f3n.<\/p>\n<p>\u2013 Sin accesorios faltantes, como cinturones, tiras, cordones o colgantes con logo.<\/p>\n<p>\u2013 Con las etiquetas originales, bolsas para prendas y\/o empaques intactos.<\/p>\n<p>\u2013 En la misma caja en la que se recibi\u00f3 el pedido, o en una caja exterior igual de segura.<\/p>\n<p>\u2013 Los art\u00edculos comprados en rebajas, colecciones anteriores o durante promociones especiales no son elegibles para devoluci\u00f3n y solo podr\u00e1n ser cambiados por otros productos de la misma temporada.\u00a0<\/p>\n<p><strong>Clientes fuera de Argentina:<\/strong> por favor escriban a <strong>shop.delfos@gmail.com<\/strong> y les proporcionaremos la documentaci\u00f3n necesaria y una etiqueta de env\u00edo de devoluci\u00f3n por DHL, si la solicitan. Tengan en cuenta que, si aceptan una etiqueta de devoluci\u00f3n internacional proporcionada por nosotros, el costo ser\u00e1 descontado del monto total a reembolsar.<\/p>\n<h4>Reembolsos<\/h4>\n<p>Los reembolsos pueden demorar hasta 5 d\u00edas h\u00e1biles en acreditarse en tu cuenta.<\/p>\n<p>El reembolso se realizar\u00e1 al mismo m\u00e9todo de pago original, excluyendo el costo del env\u00edo original y cualquier impuesto o tasa aduanera que se haya generado.<\/p>\n<p>Si solicitaste una etiqueta de devoluci\u00f3n por DHL, el costo de la misma ser\u00e1 descontado del total final del reembolso.<\/p>\n<h4>Cambios<\/h4>\n<p>En Argentina contactarse con nosotros al whatsapp 1157232002<\/p>\n<p>Para compras internacionales, actualmente no realizamos cambios. Si quer\u00e9s cambiar el modelo o el talle de un art\u00edculo, te pedimos que solicites un reembolso y luego realices una nueva compra con el\/los art\u00edculo(s) deseado(s).<\/p>\n<p>Si ten\u00e9s alguna duda, escribinos a <strong data-start=\"2058\" data-end=\"2083\"><a href=\"mailto:shop.delfos@gmail.com\" data-start=\"2060\" data-end=\"2081\">shop.delfos@gmail.com<\/a><\/strong><\/p>\n<p><strong>\u00a0<\/strong><\/p>\n\t\t\t\t\t\t\t\t<\/div>\n\t\t\t\t<\/div>\n\t\t\t\t\t<\/div>\n\t\t<\/div>\n\t\t\t\t\t<\/div>\n\t\t<\/section>\n\t\t\t\t<\/div>","protected":false},"excerpt":{"rendered":"<p>\u00a0 POL\u00cdTICA DE DEVOLUCI\u00d3N La solicitud de devoluci\u00f3n debe realizarse dentro de los 15 d\u00edas posteriores a la entrega escribiendo a shop.delfos@gmail.com. En el correo, por favor inclu\u00ed tu nombre, [&hellip;]<\/p>\n","protected":false},"author":1,"featured_media":0,"parent":0,"menu_order":0,"comment_status":"closed","ping_status":"closed","template":"","meta":{"_acf_changed":false,"footnotes":""},"class_list":["post-14","page","type-page","status-publish","hentry"],"acf":[],"yoast_head":"<!-- This site is optimized with the Yoast SEO plugin v27.4 - https:\/\/yoast.com\/product\/yoast-seo-wordpress\/ -->\n<title>Refund and Returns Policy - Delfos<\/title>\n<meta name=\"robots\" content=\"index, follow, max-snippet:-1, max-image-preview:large, max-video-preview:-1\" \/>\n<link rel=\"canonical\" href=\"https:\/\/delfos.shop\/en\/refund_returns\/\" \/>\n<meta property=\"og:locale\" content=\"en_US\" \/>\n<meta property=\"og:type\" content=\"article\" \/>\n<meta property=\"og:title\" content=\"Refund and Returns Policy - Delfos\" \/>\n<meta property=\"og:description\" content=\"\u00a0 POL\u00cdTICA DE DEVOLUCI\u00d3N La solicitud de devoluci\u00f3n debe realizarse dentro de los 15 d\u00edas posteriores a la entrega escribiendo a shop.delfos@gmail.com. En el correo, por favor inclu\u00ed tu nombre, [&hellip;]\" \/>\n<meta property=\"og:url\" content=\"https:\/\/delfos.shop\/en\/refund_returns\/\" \/>\n<meta property=\"og:site_name\" content=\"Delfos\" \/>\n<meta property=\"article:publisher\" content=\"https:\/\/www.instagram.com\/__delfos__\/\" \/>\n<meta property=\"article:modified_time\" content=\"2025-10-30T20:29:26+00:00\" \/>\n<meta property=\"og:image\" content=\"https:\/\/delfos.shop\/wp-content\/uploads\/2025\/03\/cropped-GIF-1.gif\" \/>\n\t<meta property=\"og:image:width\" content=\"512\" \/>\n\t<meta property=\"og:image:height\" content=\"512\" \/>\n\t<meta property=\"og:image:type\" content=\"image\/gif\" \/>\n<meta name=\"twitter:card\" content=\"summary_large_image\" \/>\n<meta name=\"twitter:label1\" content=\"Est. reading time\" \/>\n\t<meta name=\"twitter:data1\" content=\"2 minutes\" \/>\n<script type=\"application\/ld+json\" class=\"yoast-schema-graph\">{\"@context\":\"https:\\\/\\\/schema.org\",\"@graph\":[{\"@type\":\"WebPage\",\"@id\":\"https:\\\/\\\/delfos.shop\\\/refund_returns\\\/\",\"url\":\"https:\\\/\\\/delfos.shop\\\/refund_returns\\\/\",\"name\":\"Refund and Returns Policy - Delfos\",\"isPartOf\":{\"@id\":\"https:\\\/\\\/delfos.shop\\\/#website\"},\"datePublished\":\"2023-03-09T18:47:40+00:00\",\"dateModified\":\"2025-10-30T20:29:26+00:00\",\"breadcrumb\":{\"@id\":\"https:\\\/\\\/delfos.shop\\\/refund_returns\\\/#breadcrumb\"},\"inLanguage\":\"en-US\",\"potentialAction\":[{\"@type\":\"ReadAction\",\"target\":[\"https:\\\/\\\/delfos.shop\\\/refund_returns\\\/\"]}]},{\"@type\":\"BreadcrumbList\",\"@id\":\"https:\\\/\\\/delfos.shop\\\/refund_returns\\\/#breadcrumb\",\"itemListElement\":[{\"@type\":\"ListItem\",\"position\":1,\"name\":\"Home\",\"item\":\"https:\\\/\\\/delfos.shop\\\/\"},{\"@type\":\"ListItem\",\"position\":2,\"name\":\"Refund and Returns Policy\"}]},{\"@type\":\"WebSite\",\"@id\":\"https:\\\/\\\/delfos.shop\\\/#website\",\"url\":\"https:\\\/\\\/delfos.shop\\\/\",\"name\":\"Delfos\",\"description\":\"\",\"publisher\":{\"@id\":\"https:\\\/\\\/delfos.shop\\\/#organization\"},\"potentialAction\":[{\"@type\":\"SearchAction\",\"target\":{\"@type\":\"EntryPoint\",\"urlTemplate\":\"https:\\\/\\\/delfos.shop\\\/?s={search_term_string}\"},\"query-input\":{\"@type\":\"PropertyValueSpecification\",\"valueRequired\":true,\"valueName\":\"search_term_string\"}}],\"inLanguage\":\"en-US\"},{\"@type\":\"Organization\",\"@id\":\"https:\\\/\\\/delfos.shop\\\/#organization\",\"name\":\"Delfos\",\"url\":\"https:\\\/\\\/delfos.shop\\\/\",\"logo\":{\"@type\":\"ImageObject\",\"inLanguage\":\"en-US\",\"@id\":\"https:\\\/\\\/delfos.shop\\\/#\\\/schema\\\/logo\\\/image\\\/\",\"url\":\"https:\\\/\\\/delfos.shop\\\/wp-content\\\/uploads\\\/2022\\\/12\\\/Untitled-1.gif\",\"contentUrl\":\"https:\\\/\\\/delfos.shop\\\/wp-content\\\/uploads\\\/2022\\\/12\\\/Untitled-1.gif\",\"width\":1080,\"height\":1080,\"caption\":\"Delfos\"},\"image\":{\"@id\":\"https:\\\/\\\/delfos.shop\\\/#\\\/schema\\\/logo\\\/image\\\/\"},\"sameAs\":[\"https:\\\/\\\/www.instagram.com\\\/__delfos__\\\/\"]}]}<\/script>\n<!-- \/ Yoast SEO plugin. -->","yoast_head_json":{"title":"Refund and Returns Policy - Delfos","robots":{"index":"index","follow":"follow","max-snippet":"max-snippet:-1","max-image-preview":"max-image-preview:large","max-video-preview":"max-video-preview:-1"},"canonical":"https:\/\/delfos.shop\/en\/refund_returns\/","og_locale":"en_US","og_type":"article","og_title":"Refund and Returns Policy - Delfos","og_description":"\u00a0 POL\u00cdTICA DE DEVOLUCI\u00d3N La solicitud de devoluci\u00f3n debe realizarse dentro de los 15 d\u00edas posteriores a la entrega escribiendo a shop.delfos@gmail.com. En el correo, por favor inclu\u00ed tu nombre, [&hellip;]","og_url":"https:\/\/delfos.shop\/en\/refund_returns\/","og_site_name":"Delfos","article_publisher":"https:\/\/www.instagram.com\/__delfos__\/","article_modified_time":"2025-10-30T20:29:26+00:00","og_image":[{"width":512,"height":512,"url":"https:\/\/delfos.shop\/wp-content\/uploads\/2025\/03\/cropped-GIF-1.gif","type":"image\/gif"}],"twitter_card":"summary_large_image","twitter_misc":{"Est. reading time":"2 minutes"},"schema":{"@context":"https:\/\/schema.org","@graph":[{"@type":"WebPage","@id":"https:\/\/delfos.shop\/refund_returns\/","url":"https:\/\/delfos.shop\/refund_returns\/","name":"Refund and Returns Policy - Delfos","isPartOf":{"@id":"https:\/\/delfos.shop\/#website"},"datePublished":"2023-03-09T18:47:40+00:00","dateModified":"2025-10-30T20:29:26+00:00","breadcrumb":{"@id":"https:\/\/delfos.shop\/refund_returns\/#breadcrumb"},"inLanguage":"en-US","potentialAction":[{"@type":"ReadAction","target":["https:\/\/delfos.shop\/refund_returns\/"]}]},{"@type":"BreadcrumbList","@id":"https:\/\/delfos.shop\/refund_returns\/#breadcrumb","itemListElement":[{"@type":"ListItem","position":1,"name":"Home","item":"https:\/\/delfos.shop\/"},{"@type":"ListItem","position":2,"name":"Refund and Returns Policy"}]},{"@type":"WebSite","@id":"https:\/\/delfos.shop\/#website","url":"https:\/\/delfos.shop\/","name":"Delfos","description":"","publisher":{"@id":"https:\/\/delfos.shop\/#organization"},"potentialAction":[{"@type":"SearchAction","target":{"@type":"EntryPoint","urlTemplate":"https:\/\/delfos.shop\/?s={search_term_string}"},"query-input":{"@type":"PropertyValueSpecification","valueRequired":true,"valueName":"search_term_string"}}],"inLanguage":"en-US"},{"@type":"Organization","@id":"https:\/\/delfos.shop\/#organization","name":"Delfos","url":"https:\/\/delfos.shop\/","logo":{"@type":"ImageObject","inLanguage":"en-US","@id":"https:\/\/delfos.shop\/#\/schema\/logo\/image\/","url":"https:\/\/delfos.shop\/wp-content\/uploads\/2022\/12\/Untitled-1.gif","contentUrl":"https:\/\/delfos.shop\/wp-content\/uploads\/2022\/12\/Untitled-1.gif","width":1080,"height":1080,"caption":"Delfos"},"image":{"@id":"https:\/\/delfos.shop\/#\/schema\/logo\/image\/"},"sameAs":["https:\/\/www.instagram.com\/__delfos__\/"]}]}},"_links":{"self":[{"href":"https:\/\/delfos.shop\/en\/wp-json\/wp\/v2\/pages\/14","targetHints":{"allow":["GET"]}}],"collection":[{"href":"https:\/\/delfos.shop\/en\/wp-json\/wp\/v2\/pages"}],"about":[{"href":"https:\/\/delfos.shop\/en\/wp-json\/wp\/v2\/types\/page"}],"author":[{"embeddable":true,"href":"https:\/\/delfos.shop\/en\/wp-json\/wp\/v2\/users\/1"}],"replies":[{"embeddable":true,"href":"https:\/\/delfos.shop\/en\/wp-json\/wp\/v2\/comments?post=14"}],"version-history":[{"count":25,"href":"https:\/\/delfos.shop\/en\/wp-json\/wp\/v2\/pages\/14\/revisions"}],"predecessor-version":[{"id":13410,"href":"https:\/\/delfos.shop\/en\/wp-json\/wp\/v2\/pages\/14\/revisions\/13410"}],"wp:attachment":[{"href":"https:\/\/delfos.shop\/en\/wp-json\/wp\/v2\/media?parent=14"}],"curies":[{"name":"wp","href":"https:\/\/api.w.org\/{rel}","templated":true}]}}